{"id":5122,"date":"2024-12-01T17:59:41","date_gmt":"2024-12-01T17:59:41","guid":{"rendered":"https:\/\/www.printings-n.com\/produit\/kakemono-l-banners-lbanners\/"},"modified":"2024-12-01T17:59:42","modified_gmt":"2024-12-01T17:59:42","slug":"kakemono-l-banner-lbanners","status":"publish","type":"product","link":"https:\/\/www.printings-n.com\/de\/produkt\/kakemono-l-banner-lbanners\/","title":{"rendered":"Kakemono L-Banners"},"content":{"rendered":"<p>M\u00fcssen Sie die Sichtbarkeit Ihres Unternehmens verbessern? Das L-Banner Kakemono ist das Produkt, das Sie brauchen. Es ist sehr n\u00fctzlich auf Messen oder Veranstaltungen und macht es Ihnen leicht, sich von der Masse abzuheben. Es ist in verschiedenen Gr\u00f6\u00dfen erh\u00e4ltlich und wird mit einer Tragetasche geliefert. Die L-f\u00f6rmige Basis, die dem Produkt seinen Namen gibt, sorgt daf\u00fcr, dass Ihr Kakemono so stabil wie m\u00f6glich ist und fest an seinem Platz bleibt. Entwerfen Sie jetzt das L-Banner Kakemono, das zu Ihnen passt, und ziehen Sie die Aufmerksamkeit Ihrer zuk\u00fcnftigen Kunden auf sich. Ob 80x200cm oder 100x200cm, w\u00e4hlen Sie die passende Gr\u00f6\u00dfe!<\/p>","protected":false},"excerpt":{"rendered":"<p>Besoin d&#039;am\u00e9liorer la visibilit\u00e9 de votre entreprise ? Le Kak\u00e9mono L-banner est le produit dont vous avez besoin. Tr\u00e8s utile lors de foires ou d&#039;\u00e9v\u00e8nements, il vous permet de vous d\u00e9marquer facilement. Il est disponible en plusieurs tailles, et est livr\u00e9 avec un sac de transport. Sa base en forme de L donnant son nom [&hellip;]<\/p>\n","protected":false},"featured_media":5123,"comment_status":"open","ping_status":"closed","template":"","meta":[],"product_brand":[],"product_cat":[124],"product_tag":[],"class_list":{"0":"post-5122","1":"product","2":"type-product","3":"status-publish","4":"has-post-thumbnail","6":"product_cat-bannieres","8":"first","9":"instock","10":"taxable","11":"shipping-taxable","12":"product-type-simple"},"_links":{"self":[{"href":"https:\/\/www.printings-n.com\/de\/wp-json\/wp\/v2\/product\/5122","targetHints":{"allow":["GET"]}}],"collection":[{"href":"https:\/\/www.printings-n.com\/de\/wp-json\/wp\/v2\/product"}],"about":[{"href":"https:\/\/www.printings-n.com\/de\/wp-json\/wp\/v2\/types\/product"}],"replies":[{"embeddable":true,"href":"https:\/\/www.printings-n.com\/de\/wp-json\/wp\/v2\/comments?post=5122"}],"wp:featuredmedia":[{"embeddable":true,"href":"https:\/\/www.printings-n.com\/de\/wp-json\/wp\/v2\/media\/5123"}],"wp:attachment":[{"href":"https:\/\/www.printings-n.com\/de\/wp-json\/wp\/v2\/media?parent=5122"}],"wp:term":[{"taxonomy":"product_brand","embeddable":true,"href":"https:\/\/www.printings-n.com\/de\/wp-json\/wp\/v2\/product_brand?post=5122"},{"taxonomy":"product_cat","embeddable":true,"href":"https:\/\/www.printings-n.com\/de\/wp-json\/wp\/v2\/product_cat?post=5122"},{"taxonomy":"product_tag","embeddable":true,"href":"https:\/\/www.printings-n.com\/de\/wp-json\/wp\/v2\/product_tag?post=5122"}],"curies":[{"name":"wp","href":"https:\/\/api.w.org\/{rel}","templated":true}]}}