{"id":4997,"date":"2024-12-01T17:19:24","date_gmt":"2024-12-01T17:19:24","guid":{"rendered":"https:\/\/www.printings-n.com\/produit\/tonnelle-personnalisee-gazebotent\/"},"modified":"2024-12-01T17:19:25","modified_gmt":"2024-12-01T17:19:25","slug":"tonnelle-personnalisee-gazebotent","status":"publish","type":"product","link":"https:\/\/www.printings-n.com\/de\/produkt\/tonnelle-personnalisee-gazebotent\/","title":{"rendered":"Personalisierte Gartenlaube"},"content":{"rendered":"<p>Cette Tonnelle personnalis\u00e9e est un moyen fantastique de promouvoir votre \u00e9v\u00e9nement, votre exposition ou votre conf\u00e9rence. Le barnum est facile \u00e0 monter avec une armature solide. Vous pouvez choisir parmi 4 options murales diff\u00e9rentes. Il suffit d&#039;ajouter votre design pour vous d\u00e9marquer de la concurrence ! Le cadre est toujours inclus et les panneaux sont imprim\u00e9s sur un c\u00f4t\u00e9 seulement.<br \/>\n&lt;br&gt;&lt;br&gt;<br \/>\nNote : Le gazebo est imprim\u00e9 sur une seule face et les murs seront imprim\u00e9s \u00e0 l&#039;int\u00e9rieur. Vous cherchez un gazebo \u00e0 double face ? Contactez-nous pour un devis.<\/p>","protected":false},"excerpt":{"rendered":"<p>Cette Tonnelle personnalis\u00e9e est un moyen fantastique de promouvoir votre \u00e9v\u00e9nement, votre exposition ou votre conf\u00e9rence. Le barnum est facile \u00e0 monter avec une armature solide. Vous pouvez choisir parmi 4 options murales diff\u00e9rentes. Il suffit d&#039;ajouter votre design pour vous d\u00e9marquer de la concurrence ! Le cadre est toujours inclus et les panneaux sont [&hellip;]<\/p>\n","protected":false},"featured_media":4998,"comment_status":"open","ping_status":"closed","template":"","meta":[],"product_brand":[],"product_cat":[118],"product_tag":[],"class_list":{"0":"post-4997","1":"product","2":"type-product","3":"status-publish","4":"has-post-thumbnail","6":"product_cat-autres-supports-exterieurs","8":"first","9":"instock","10":"taxable","11":"shipping-taxable","12":"product-type-simple"},"_links":{"self":[{"href":"https:\/\/www.printings-n.com\/de\/wp-json\/wp\/v2\/product\/4997","targetHints":{"allow":["GET"]}}],"collection":[{"href":"https:\/\/www.printings-n.com\/de\/wp-json\/wp\/v2\/product"}],"about":[{"href":"https:\/\/www.printings-n.com\/de\/wp-json\/wp\/v2\/types\/product"}],"replies":[{"embeddable":true,"href":"https:\/\/www.printings-n.com\/de\/wp-json\/wp\/v2\/comments?post=4997"}],"wp:featuredmedia":[{"embeddable":true,"href":"https:\/\/www.printings-n.com\/de\/wp-json\/wp\/v2\/media\/4998"}],"wp:attachment":[{"href":"https:\/\/www.printings-n.com\/de\/wp-json\/wp\/v2\/media?parent=4997"}],"wp:term":[{"taxonomy":"product_brand","embeddable":true,"href":"https:\/\/www.printings-n.com\/de\/wp-json\/wp\/v2\/product_brand?post=4997"},{"taxonomy":"product_cat","embeddable":true,"href":"https:\/\/www.printings-n.com\/de\/wp-json\/wp\/v2\/product_cat?post=4997"},{"taxonomy":"product_tag","embeddable":true,"href":"https:\/\/www.printings-n.com\/de\/wp-json\/wp\/v2\/product_tag?post=4997"}],"curies":[{"name":"wp","href":"https:\/\/api.w.org\/{rel}","templated":true}]}}