{"id":4995,"date":"2024-12-01T17:19:18","date_gmt":"2024-12-01T17:19:18","guid":{"rendered":"https:\/\/www.printings-n.com\/produit\/table-haute-pliante-highfoldingtable\/"},"modified":"2024-12-01T17:19:18","modified_gmt":"2024-12-01T17:19:18","slug":"klappbarer-stehtisch-highfoldingtable","status":"publish","type":"product","link":"https:\/\/www.printings-n.com\/de\/produkt\/klappbarer-stehtisch-highfoldingtable\/","title":{"rendered":"Klappbarer Stehtisch"},"content":{"rendered":"<p>Der faltbare Stehtisch ist ein ideales Accessoire f\u00fcr jede Veranstaltung. Er ist leicht zu verstauen, zusammenklappbar und vielseitig einsetzbar. Die einzige M\u00f6glichkeit, ihn zu versch\u00f6nern? Gestalten Sie ihn mit Ihrem Logo oder Design und erwecken Sie Ihre Veranstaltung zum Leben!<\/p>","protected":false},"excerpt":{"rendered":"<p>Der faltbare Stehtisch ist ein ideales Accessoire f\u00fcr jede Veranstaltung. Er ist leicht zu verstauen, zusammenklappbar und vielseitig einsetzbar. Die einzige M\u00f6glichkeit, ihn zu versch\u00f6nern? Gestalten Sie ihn mit Ihrem Logo oder Design und erwecken Sie Ihre Veranstaltung zum Leben!<\/p>","protected":false},"featured_media":4996,"comment_status":"open","ping_status":"closed","template":"","meta":[],"product_brand":[],"product_cat":[118],"product_tag":[],"class_list":{"0":"post-4995","1":"product","2":"type-product","3":"status-publish","4":"has-post-thumbnail","6":"product_cat-autres-supports-exterieurs","8":"first","9":"instock","10":"taxable","11":"shipping-taxable","12":"product-type-simple"},"_links":{"self":[{"href":"https:\/\/www.printings-n.com\/de\/wp-json\/wp\/v2\/product\/4995","targetHints":{"allow":["GET"]}}],"collection":[{"href":"https:\/\/www.printings-n.com\/de\/wp-json\/wp\/v2\/product"}],"about":[{"href":"https:\/\/www.printings-n.com\/de\/wp-json\/wp\/v2\/types\/product"}],"replies":[{"embeddable":true,"href":"https:\/\/www.printings-n.com\/de\/wp-json\/wp\/v2\/comments?post=4995"}],"wp:featuredmedia":[{"embeddable":true,"href":"https:\/\/www.printings-n.com\/de\/wp-json\/wp\/v2\/media\/4996"}],"wp:attachment":[{"href":"https:\/\/www.printings-n.com\/de\/wp-json\/wp\/v2\/media?parent=4995"}],"wp:term":[{"taxonomy":"product_brand","embeddable":true,"href":"https:\/\/www.printings-n.com\/de\/wp-json\/wp\/v2\/product_brand?post=4995"},{"taxonomy":"product_cat","embeddable":true,"href":"https:\/\/www.printings-n.com\/de\/wp-json\/wp\/v2\/product_cat?post=4995"},{"taxonomy":"product_tag","embeddable":true,"href":"https:\/\/www.printings-n.com\/de\/wp-json\/wp\/v2\/product_tag?post=4995"}],"curies":[{"name":"wp","href":"https:\/\/api.w.org\/{rel}","templated":true}]}}