{"id":4991,"date":"2024-12-01T17:19:06","date_gmt":"2024-12-01T17:19:06","guid":{"rendered":"https:\/\/www.printings-n.com\/produit\/boite-aux-lettres-treemore-arbres-treemoreletterbox\/"},"modified":"2024-12-01T17:19:06","modified_gmt":"2024-12-01T17:19:06","slug":"briefkasten-treemore-baume-treemoreletterbox","status":"publish","type":"product","link":"https:\/\/www.printings-n.com\/de\/produkt\/briefkasten-treemore-baume-treemoreletterbox\/","title":{"rendered":"Briefkasten Treemore B\u00e4ume"},"content":{"rendered":"<p>Holen Sie sich Ihren gr\u00fcnen Daumen bequem von zu Hause aus mit diesen einfach per Post zu verschickenden B\u00e4umen! Diese kleinen B\u00e4ume stammen aus niederl\u00e4ndischen Baumschulen und sind sofort nach dem Auspacken in ihrem Topf aus Elefantengrasfaser bereit zum Wachsen. Sie eignen sich perfekt f\u00fcr alle, die ihrem Raum ein wenig Natur hinzuf\u00fcgen m\u00f6chten, ohne sich dabei zu viel vorzunehmen. Jeder Baum wird mit einer FSC-zertifizierten, 100 % recycelbaren Verpackung und einem Informationsheft geliefert. Es ist ein einzigartiges Geschenk, das immer wieder verschenkt wird und die H\u00e4user und den Planeten ein bisschen gr\u00fcner macht.<\/p>","protected":false},"excerpt":{"rendered":"<p>Ayez la main verte depuis le confort de votre maison gr\u00e2ce \u00e0 ces arbres faciles \u00e0 envoyer par la poste ! Provenant de p\u00e9pini\u00e8res hollandaises, ces petits arbres sont pr\u00eats \u00e0 pousser d\u00e8s leur sortie de la bo\u00eete dans leur pot en fibre d&#039;herbe \u00e0 \u00e9l\u00e9phant. Ils sont parfaits pour tous ceux qui souhaitent ajouter [&hellip;]<\/p>\n","protected":false},"featured_media":4992,"comment_status":"open","ping_status":"closed","template":"","meta":[],"product_brand":[],"product_cat":[118],"product_tag":[],"class_list":{"0":"post-4991","1":"product","2":"type-product","3":"status-publish","4":"has-post-thumbnail","6":"product_cat-autres-supports-exterieurs","8":"first","9":"instock","10":"taxable","11":"shipping-taxable","12":"product-type-simple"},"_links":{"self":[{"href":"https:\/\/www.printings-n.com\/de\/wp-json\/wp\/v2\/product\/4991","targetHints":{"allow":["GET"]}}],"collection":[{"href":"https:\/\/www.printings-n.com\/de\/wp-json\/wp\/v2\/product"}],"about":[{"href":"https:\/\/www.printings-n.com\/de\/wp-json\/wp\/v2\/types\/product"}],"replies":[{"embeddable":true,"href":"https:\/\/www.printings-n.com\/de\/wp-json\/wp\/v2\/comments?post=4991"}],"wp:featuredmedia":[{"embeddable":true,"href":"https:\/\/www.printings-n.com\/de\/wp-json\/wp\/v2\/media\/4992"}],"wp:attachment":[{"href":"https:\/\/www.printings-n.com\/de\/wp-json\/wp\/v2\/media?parent=4991"}],"wp:term":[{"taxonomy":"product_brand","embeddable":true,"href":"https:\/\/www.printings-n.com\/de\/wp-json\/wp\/v2\/product_brand?post=4991"},{"taxonomy":"product_cat","embeddable":true,"href":"https:\/\/www.printings-n.com\/de\/wp-json\/wp\/v2\/product_cat?post=4991"},{"taxonomy":"product_tag","embeddable":true,"href":"https:\/\/www.printings-n.com\/de\/wp-json\/wp\/v2\/product_tag?post=4991"}],"curies":[{"name":"wp","href":"https:\/\/api.w.org\/{rel}","templated":true}]}}