{"id":4989,"date":"2024-12-01T17:19:04","date_gmt":"2024-12-01T17:19:04","guid":{"rendered":"https:\/\/www.printings-n.com\/produit\/transats-personnalises-deckchair\/"},"modified":"2024-12-01T17:19:04","modified_gmt":"2024-12-01T17:19:04","slug":"personalisierte-liegestuhle-deckchair","status":"publish","type":"product","link":"https:\/\/www.printings-n.com\/de\/produkt\/personalisierte-liegestuhle-deckchair\/","title":{"rendered":"Personalisierte Liegest\u00fchle"},"content":{"rendered":"<p>Ob bei einer geplanten Veranstaltung oder f\u00fcr ein spontanes Vergn\u00fcgen - diese personalisierten Liegest\u00fchle aus massivem, unbehandeltem Buchenholz eignen sich perfekt f\u00fcr Ihre Kunden oder Verwandten. Heben Sie sich von der Masse ab, indem Sie f\u00fcr Ihre Marke werben, w\u00e4hrend Sie sich entspannen! Sie k\u00f6nnen diese Chilis f\u00fcr Veranstaltungen, Konzerte oder einfach f\u00fcr Ihre Terrasse verwenden. Mit Ihrem pers\u00f6nlichen Design personalisierte Liegest\u00fchle sind auch eine tolle Geschenkidee.<br \/>\n&lt;br&gt;&lt;br&gt;<br \/>\nDieser Liegestuhl ist aus unbehandeltem Buchenholz gefertigt. Der Stoff des Stuhls besteht aus 210 g Polyester und ist nur auf der Vorderseite vierfarbig bedruckt. Sie k\u00f6nnen ihn leicht abnehmen und waschen .<\/p>","protected":false},"excerpt":{"rendered":"<p>Que ce soit lors d&#039;un \u00e9v\u00e9nement planifi\u00e9 ou pour un peu de plaisir spontan\u00e9, ces transats personnalis\u00e9s, en bois de h\u00eatre massif et non trait\u00e9, sont parfaits pour vos clients ou vos proches. D\u00e9marquez-vous en faisant la promotion de votre marque tout en vous relaxant ! Vous pourrez ces chiliennes utiliser pour des \u00e9v\u00e9nements, des [&hellip;]<\/p>\n","protected":false},"featured_media":4990,"comment_status":"open","ping_status":"closed","template":"","meta":[],"product_brand":[],"product_cat":[118],"product_tag":[],"class_list":{"0":"post-4989","1":"product","2":"type-product","3":"status-publish","4":"has-post-thumbnail","6":"product_cat-autres-supports-exterieurs","8":"first","9":"instock","10":"taxable","11":"shipping-taxable","12":"product-type-simple"},"_links":{"self":[{"href":"https:\/\/www.printings-n.com\/de\/wp-json\/wp\/v2\/product\/4989","targetHints":{"allow":["GET"]}}],"collection":[{"href":"https:\/\/www.printings-n.com\/de\/wp-json\/wp\/v2\/product"}],"about":[{"href":"https:\/\/www.printings-n.com\/de\/wp-json\/wp\/v2\/types\/product"}],"replies":[{"embeddable":true,"href":"https:\/\/www.printings-n.com\/de\/wp-json\/wp\/v2\/comments?post=4989"}],"wp:featuredmedia":[{"embeddable":true,"href":"https:\/\/www.printings-n.com\/de\/wp-json\/wp\/v2\/media\/4990"}],"wp:attachment":[{"href":"https:\/\/www.printings-n.com\/de\/wp-json\/wp\/v2\/media?parent=4989"}],"wp:term":[{"taxonomy":"product_brand","embeddable":true,"href":"https:\/\/www.printings-n.com\/de\/wp-json\/wp\/v2\/product_brand?post=4989"},{"taxonomy":"product_cat","embeddable":true,"href":"https:\/\/www.printings-n.com\/de\/wp-json\/wp\/v2\/product_cat?post=4989"},{"taxonomy":"product_tag","embeddable":true,"href":"https:\/\/www.printings-n.com\/de\/wp-json\/wp\/v2\/product_tag?post=4989"}],"curies":[{"name":"wp","href":"https:\/\/api.w.org\/{rel}","templated":true}]}}