{"id":4918,"date":"2024-12-01T17:11:58","date_gmt":"2024-12-01T17:11:58","guid":{"rendered":"https:\/\/www.printings-n.com\/produit\/etiquettes-fluo-labelsonrollfluor\/"},"modified":"2024-12-01T17:11:59","modified_gmt":"2024-12-01T17:11:59","slug":"neon-etiketten-labelsonrollfluor","status":"publish","type":"product","link":"https:\/\/www.printings-n.com\/de\/produkt\/neon-etiketten-labelsonrollfluor\/","title":{"rendered":"Neon-Etiketten"},"content":{"rendered":"<p>Optez pour des \u00e9tiquettes originales et de qualit\u00e9 avec les \u00c9tiquettes fluo de [site_name]. Livr\u00e9es avec une bo\u00eete distributrice gratuite en carton qui permet de prot\u00e9ger le produit et de retirer les \u00e9tiquettes facilement ! Avec leur apparence flashy gr\u00e2ce \u00e0 leur papier adh\u00e9sif fluo, vous serez s\u00fbr d&#039;\u00eatre remarqu\u00e9. Parfaites pour attirer l&#039;attention, ces \u00e9tiquettes personnalis\u00e9es sont souvent utilis\u00e9es afin d&#039;indiquer vos produits en promotion, ainsi vous pourrez \u00eatre s\u00fbr d&#039;\u00eatre pr\u00eat pour les soldes et autres p\u00e9riodes de r\u00e9duction. Les \u00e9tiquettes sont uniquement imprimables en noir.<\/p>\n","protected":false},"excerpt":{"rendered":"<p>Optez pour des \u00e9tiquettes originales et de qualit\u00e9 avec les \u00c9tiquettes fluo de [site_name]. Livr\u00e9es avec une bo\u00eete distributrice gratuite en carton qui permet de prot\u00e9ger le produit et de retirer les \u00e9tiquettes facilement ! Avec leur apparence flashy gr\u00e2ce \u00e0 leur papier adh\u00e9sif fluo, vous serez s\u00fbr d&#039;\u00eatre remarqu\u00e9. Parfaites pour attirer l&#039;attention, ces [&hellip;]<\/p>\n","protected":false},"featured_media":4919,"comment_status":"open","ping_status":"closed","template":"","meta":[],"product_brand":[],"product_cat":[116],"product_tag":[],"class_list":{"0":"post-4918","1":"product","2":"type-product","3":"status-publish","4":"has-post-thumbnail","6":"product_cat-etiquettes-en-rouleau","8":"first","9":"instock","10":"taxable","11":"shipping-taxable","12":"product-type-simple"},"_links":{"self":[{"href":"https:\/\/www.printings-n.com\/de\/wp-json\/wp\/v2\/product\/4918","targetHints":{"allow":["GET"]}}],"collection":[{"href":"https:\/\/www.printings-n.com\/de\/wp-json\/wp\/v2\/product"}],"about":[{"href":"https:\/\/www.printings-n.com\/de\/wp-json\/wp\/v2\/types\/product"}],"replies":[{"embeddable":true,"href":"https:\/\/www.printings-n.com\/de\/wp-json\/wp\/v2\/comments?post=4918"}],"wp:featuredmedia":[{"embeddable":true,"href":"https:\/\/www.printings-n.com\/de\/wp-json\/wp\/v2\/media\/4919"}],"wp:attachment":[{"href":"https:\/\/www.printings-n.com\/de\/wp-json\/wp\/v2\/media?parent=4918"}],"wp:term":[{"taxonomy":"product_brand","embeddable":true,"href":"https:\/\/www.printings-n.com\/de\/wp-json\/wp\/v2\/product_brand?post=4918"},{"taxonomy":"product_cat","embeddable":true,"href":"https:\/\/www.printings-n.com\/de\/wp-json\/wp\/v2\/product_cat?post=4918"},{"taxonomy":"product_tag","embeddable":true,"href":"https:\/\/www.printings-n.com\/de\/wp-json\/wp\/v2\/product_tag?post=4918"}],"curies":[{"name":"wp","href":"https:\/\/api.w.org\/{rel}","templated":true}]}}