{"id":4916,"date":"2024-12-01T17:11:55","date_gmt":"2024-12-01T17:11:55","guid":{"rendered":"https:\/\/www.printings-n.com\/produit\/etiquettes-ecologiques-sur-mesure-en-rouleau-labelsonrollecoownsize\/"},"modified":"2024-12-01T17:11:56","modified_gmt":"2024-12-01T17:11:56","slug":"masgefertigte-umweltfreundliche-etiketten-auf-rollen-labelsonrollecoownsize","status":"publish","type":"product","link":"https:\/\/www.printings-n.com\/de\/produkt\/masgefertigte-umweltfreundliche-etiketten-auf-rollen-labelsonrollecoownsize\/","title":{"rendered":"Ma\u00dfgeschneiderte \u00f6kologische Etiketten auf Rollen"},"content":{"rendered":"<p>Wenn Sie nach einer nachhaltigen M\u00f6glichkeit suchen, Ihre Marke zu bewerben, sind unsere ma\u00dfgeschneiderten, umweltfreundlichen Etiketten die perfekte L\u00f6sung! Unsere Etiketten werden aus nachhaltigen und umweltfreundlichen Materialien hergestellt und sind eine gro\u00dfartige M\u00f6glichkeit, Ihren CO2-Fu\u00dfabdruck zu reduzieren und sich gleichzeitig von der Masse abzuheben. Mit ihnen helfen Sie dem Planeten und verleihen Ihrer Marke gleichzeitig eine einzigartige, umweltbewusste Identit\u00e4t.<br \/>\n&lt;br&gt;&lt;br&gt;<br \/>\nHinweis: Ma\u00dfgeschneiderte Umweltetiketten auf Rollen k\u00f6nnen nicht auf jede beliebige Oberfl\u00e4che geklebt werden. Sie eignen sich nur f\u00fcr ebene Oberfl\u00e4chen wie Glas, Aluminium, PMMA, PC und ABS.<\/p>","protected":false},"excerpt":{"rendered":"<p>Si vous recherchez une fa\u00e7on durable de promouvoir votre marque, nos \u00e9tiquettes \u00e9co-responsables sur mesure sont la solution parfaite ! Con\u00e7ues \u00e0 partir de mat\u00e9riaux durables et \u00e9cologiques, nos \u00e9tiquettes sont un excellent moyen de r\u00e9duire votre empreinte carbone tout en vous d\u00e9marquant. Gr\u00e2ce \u00e0 elles, vous aidez la plan\u00e8te tout en donnant \u00e0 votre [&hellip;]<\/p>\n","protected":false},"featured_media":4917,"comment_status":"open","ping_status":"closed","template":"","meta":[],"product_brand":[],"product_cat":[116],"product_tag":[],"class_list":{"0":"post-4916","1":"product","2":"type-product","3":"status-publish","4":"has-post-thumbnail","6":"product_cat-etiquettes-en-rouleau","8":"first","9":"instock","10":"taxable","11":"shipping-taxable","12":"product-type-simple"},"_links":{"self":[{"href":"https:\/\/www.printings-n.com\/de\/wp-json\/wp\/v2\/product\/4916","targetHints":{"allow":["GET"]}}],"collection":[{"href":"https:\/\/www.printings-n.com\/de\/wp-json\/wp\/v2\/product"}],"about":[{"href":"https:\/\/www.printings-n.com\/de\/wp-json\/wp\/v2\/types\/product"}],"replies":[{"embeddable":true,"href":"https:\/\/www.printings-n.com\/de\/wp-json\/wp\/v2\/comments?post=4916"}],"wp:featuredmedia":[{"embeddable":true,"href":"https:\/\/www.printings-n.com\/de\/wp-json\/wp\/v2\/media\/4917"}],"wp:attachment":[{"href":"https:\/\/www.printings-n.com\/de\/wp-json\/wp\/v2\/media?parent=4916"}],"wp:term":[{"taxonomy":"product_brand","embeddable":true,"href":"https:\/\/www.printings-n.com\/de\/wp-json\/wp\/v2\/product_brand?post=4916"},{"taxonomy":"product_cat","embeddable":true,"href":"https:\/\/www.printings-n.com\/de\/wp-json\/wp\/v2\/product_cat?post=4916"},{"taxonomy":"product_tag","embeddable":true,"href":"https:\/\/www.printings-n.com\/de\/wp-json\/wp\/v2\/product_tag?post=4916"}],"curies":[{"name":"wp","href":"https:\/\/api.w.org\/{rel}","templated":true}]}}