{"id":4906,"date":"2024-12-01T10:50:05","date_gmt":"2024-12-01T10:50:05","guid":{"rendered":"https:\/\/www.printings-n.com\/produit\/stickers-pour-ordinateur-portable-laptopstickers\/"},"modified":"2024-12-01T10:50:05","modified_gmt":"2024-12-01T10:50:05","slug":"laptopstickers-laptopstickers","status":"publish","type":"product","link":"https:\/\/www.printings-n.com\/de\/produkt\/laptopstickers-laptopstickers\/","title":{"rendered":"Sticker f\u00fcr Laptops"},"content":{"rendered":"<p>Suchen Sie nach einer M\u00f6glichkeit, Ihren Laptop pers\u00f6nlicher zu gestalten? Oder Ihr Firmenlogo auf allen Laptops Ihrer Mitarbeiter erscheinen zu lassen? Dann sind diese Laptop-Sticker genau das Richtige f\u00fcr Sie! Erh\u00e4ltlich in vorgew\u00e4hlten Gr\u00f6\u00dfen oder indem Sie Ihr eigenes Design und Ihre eigene Form entwerfen, hilft Ihnen dieses Produkt dabei, sich von der Krone abzuheben, w\u00e4hrend Sie arbeiten. Die Laptop-Sticker sind mit gl\u00e4nzender oder matter Laminierung f\u00fcr eine h\u00f6here Haltbarkeit erh\u00e4ltlich und haben eine Lebensdauer von 2 bis 3 Jahren.<\/p>","protected":false},"excerpt":{"rendered":"<p>Vous cherchez \u00e0 rendre votre ordinateur portable plus personnel ? Ou \u00e0 faire appara\u00eetre la marque de votre entreprise sur tous les ordinateurs portables de vos employ\u00e9s ? Ces stickers pour ordinateurs portables sont fais pour vous ! Disponible en tailles pr\u00e9s\u00e9lectionn\u00e9es ou en cr\u00e9ant votre propre design et forme, ce produit vous aidera \u00e0 [&hellip;]<\/p>\n","protected":false},"featured_media":4907,"comment_status":"open","ping_status":"closed","template":"","meta":[],"product_brand":[],"product_cat":[115],"product_tag":[],"class_list":{"0":"post-4906","1":"product","2":"type-product","3":"status-publish","4":"has-post-thumbnail","6":"product_cat-etiquettes-en-feuille","8":"first","9":"instock","10":"taxable","11":"shipping-taxable","12":"product-type-simple"},"_links":{"self":[{"href":"https:\/\/www.printings-n.com\/de\/wp-json\/wp\/v2\/product\/4906","targetHints":{"allow":["GET"]}}],"collection":[{"href":"https:\/\/www.printings-n.com\/de\/wp-json\/wp\/v2\/product"}],"about":[{"href":"https:\/\/www.printings-n.com\/de\/wp-json\/wp\/v2\/types\/product"}],"replies":[{"embeddable":true,"href":"https:\/\/www.printings-n.com\/de\/wp-json\/wp\/v2\/comments?post=4906"}],"wp:featuredmedia":[{"embeddable":true,"href":"https:\/\/www.printings-n.com\/de\/wp-json\/wp\/v2\/media\/4907"}],"wp:attachment":[{"href":"https:\/\/www.printings-n.com\/de\/wp-json\/wp\/v2\/media?parent=4906"}],"wp:term":[{"taxonomy":"product_brand","embeddable":true,"href":"https:\/\/www.printings-n.com\/de\/wp-json\/wp\/v2\/product_brand?post=4906"},{"taxonomy":"product_cat","embeddable":true,"href":"https:\/\/www.printings-n.com\/de\/wp-json\/wp\/v2\/product_cat?post=4906"},{"taxonomy":"product_tag","embeddable":true,"href":"https:\/\/www.printings-n.com\/de\/wp-json\/wp\/v2\/product_tag?post=4906"}],"curies":[{"name":"wp","href":"https:\/\/api.w.org\/{rel}","templated":true}]}}