{"id":4892,"date":"2024-12-01T10:49:21","date_gmt":"2024-12-01T10:49:21","guid":{"rendered":"https:\/\/www.printings-n.com\/produit\/stickers-sur-mesure-stickersownsize\/"},"modified":"2024-12-01T10:49:21","modified_gmt":"2024-12-01T10:49:21","slug":"stickers-sur-mesure-stickersownsize","status":"publish","type":"product","link":"https:\/\/www.printings-n.com\/de\/produkt\/stickers-sur-mesure-stickersownsize\/","title":{"rendered":"Ma\u00dfgeschneiderte Sticker"},"content":{"rendered":"<p>Seien Sie kreativ, indem Sie Sticker und Aufkleber in individueller Gr\u00f6\u00dfe f\u00fcr Ihre Kommunikation und Marketingkampagnen verwenden. Sie k\u00f6nnen diese personalisierten Sticker in jeder gew\u00fcnschten Gr\u00f6\u00dfe und Form erhalten. W\u00e4hlen Sie aus verschiedenen Materialien, darunter Vinyl oder Papier mit zahlreichen Veredelungsoptionen, damit Ihre Sticker wirklich herausstechen. Machen Sie sie zur perfekten Erg\u00e4nzung f\u00fcr Ihre Werbekampagnen und verteilen Sie sie an alle Ihre Kunden, um Ihre Marke bekannt zu machen.<br \/>\n&lt;br&gt;&lt;br&gt;<br \/>\nHinweis: Die Sticker k\u00f6nnen je nach Drucktechnik mit einer Stanzung oder mit einem wei\u00dfen Hintergrund gedruckt werden.<br \/>\n&lt;br&gt;&lt;br&gt;<br \/>\nM\u00f6chten Sie Sticker auf Rolle mit einer Spenderbox bestellen? Werfen Sie einen Blick auf unsere ma\u00dfgeschneiderten Sticker auf Rolle.<\/p>","protected":false},"excerpt":{"rendered":"<p>Soyez cr\u00e9atifs en utilisant des stickers et autocollants de taille personnalis\u00e9e pour votre communication et campagnes marketing. Vous pouvez obtenir ces autocollants personnalis\u00e9s dans la taille et la forme que vous souhaitez. Choisissez parmi diff\u00e9rents mat\u00e9riaux, notamment vinyle ou papier avec de nombreuses options de finition pour que vos stickers se distinguent vraiment. Faites-en le [&hellip;]<\/p>\n","protected":false},"featured_media":4893,"comment_status":"open","ping_status":"closed","template":"","meta":[],"product_brand":[],"product_cat":[115],"product_tag":[],"class_list":{"0":"post-4892","1":"product","2":"type-product","3":"status-publish","4":"has-post-thumbnail","6":"product_cat-etiquettes-en-feuille","8":"first","9":"instock","10":"taxable","11":"shipping-taxable","12":"product-type-simple"},"_links":{"self":[{"href":"https:\/\/www.printings-n.com\/de\/wp-json\/wp\/v2\/product\/4892","targetHints":{"allow":["GET"]}}],"collection":[{"href":"https:\/\/www.printings-n.com\/de\/wp-json\/wp\/v2\/product"}],"about":[{"href":"https:\/\/www.printings-n.com\/de\/wp-json\/wp\/v2\/types\/product"}],"replies":[{"embeddable":true,"href":"https:\/\/www.printings-n.com\/de\/wp-json\/wp\/v2\/comments?post=4892"}],"wp:featuredmedia":[{"embeddable":true,"href":"https:\/\/www.printings-n.com\/de\/wp-json\/wp\/v2\/media\/4893"}],"wp:attachment":[{"href":"https:\/\/www.printings-n.com\/de\/wp-json\/wp\/v2\/media?parent=4892"}],"wp:term":[{"taxonomy":"product_brand","embeddable":true,"href":"https:\/\/www.printings-n.com\/de\/wp-json\/wp\/v2\/product_brand?post=4892"},{"taxonomy":"product_cat","embeddable":true,"href":"https:\/\/www.printings-n.com\/de\/wp-json\/wp\/v2\/product_cat?post=4892"},{"taxonomy":"product_tag","embeddable":true,"href":"https:\/\/www.printings-n.com\/de\/wp-json\/wp\/v2\/product_tag?post=4892"}],"curies":[{"name":"wp","href":"https:\/\/api.w.org\/{rel}","templated":true}]}}