{"id":4886,"date":"2024-12-01T10:49:01","date_gmt":"2024-12-01T10:49:01","guid":{"rendered":"https:\/\/www.printings-n.com\/produit\/stickers-pour-enveloppe-stickersenvelope\/"},"modified":"2024-12-01T10:49:01","modified_gmt":"2024-12-01T10:49:01","slug":"sticker-fur-briefumschlage-stickersenvelope","status":"publish","type":"product","link":"https:\/\/www.printings-n.com\/de\/produkt\/sticker-fur-briefumschlage-stickersenvelope\/","title":{"rendered":"Sticker f\u00fcr Briefumschlag"},"content":{"rendered":"<p>Vous souhaitez donner une touche plus personnelle \u00e0 vos invitations ou de faire conna\u00eetre votre marque d\u00e8s l&#039;arriv\u00e9e de vos lettres ? Alors les Stickers pour enveloppe de [site_name] sont le produit id\u00e9al pour vous. Ces autocollants en papier personnalis\u00e9s sont disponibles en 10 tailles con\u00e7ues sp\u00e9cialement pour les enveloppes. Ils sont fournis sur une feuille, ce qui permet de les d\u00e9coller facilement et de transmettre des messages sans stress. Commandez les v\u00f4tres d\u00e8s aujourd&#039;hui !<br \/>\n&lt;br&gt;&lt;br&gt;<br \/>\nNote: Ces stickers sont livr\u00e9s sur une feuille. Le nombre exact d&#039;autocollants par feuille varie selon la taille. La quantit\u00e9 s\u00e9lectionn\u00e9e est le nombre d&#039;autocollants et non le nombre de feuilles.<\/p>\n","protected":false},"excerpt":{"rendered":"<p>Vous souhaitez donner une touche plus personnelle \u00e0 vos invitations ou de faire conna\u00eetre votre marque d\u00e8s l&#039;arriv\u00e9e de vos lettres ? Alors les Stickers pour enveloppe de [site_name] sont le produit id\u00e9al pour vous. Ces autocollants en papier personnalis\u00e9s sont disponibles en 10 tailles con\u00e7ues sp\u00e9cialement pour les enveloppes. Ils sont fournis sur une [&hellip;]<\/p>\n","protected":false},"featured_media":4887,"comment_status":"open","ping_status":"closed","template":"","meta":[],"product_brand":[],"product_cat":[115],"product_tag":[],"class_list":{"0":"post-4886","1":"product","2":"type-product","3":"status-publish","4":"has-post-thumbnail","6":"product_cat-etiquettes-en-feuille","8":"first","9":"instock","10":"taxable","11":"shipping-taxable","12":"product-type-simple"},"_links":{"self":[{"href":"https:\/\/www.printings-n.com\/de\/wp-json\/wp\/v2\/product\/4886","targetHints":{"allow":["GET"]}}],"collection":[{"href":"https:\/\/www.printings-n.com\/de\/wp-json\/wp\/v2\/product"}],"about":[{"href":"https:\/\/www.printings-n.com\/de\/wp-json\/wp\/v2\/types\/product"}],"replies":[{"embeddable":true,"href":"https:\/\/www.printings-n.com\/de\/wp-json\/wp\/v2\/comments?post=4886"}],"wp:featuredmedia":[{"embeddable":true,"href":"https:\/\/www.printings-n.com\/de\/wp-json\/wp\/v2\/media\/4887"}],"wp:attachment":[{"href":"https:\/\/www.printings-n.com\/de\/wp-json\/wp\/v2\/media?parent=4886"}],"wp:term":[{"taxonomy":"product_brand","embeddable":true,"href":"https:\/\/www.printings-n.com\/de\/wp-json\/wp\/v2\/product_brand?post=4886"},{"taxonomy":"product_cat","embeddable":true,"href":"https:\/\/www.printings-n.com\/de\/wp-json\/wp\/v2\/product_cat?post=4886"},{"taxonomy":"product_tag","embeddable":true,"href":"https:\/\/www.printings-n.com\/de\/wp-json\/wp\/v2\/product_tag?post=4886"}],"curies":[{"name":"wp","href":"https:\/\/api.w.org\/{rel}","templated":true}]}}