{"id":4866,"date":"2024-12-01T09:51:17","date_gmt":"2024-12-01T09:51:17","guid":{"rendered":"https:\/\/www.printings-n.com\/produit\/parapluie-kyle-a-ouverture-automatique-kyle-2\/"},"modified":"2024-12-01T09:51:18","modified_gmt":"2024-12-01T09:51:18","slug":"kyle-regenschirm-mit-automatischer-offnung-kyle-2","status":"publish","type":"product","link":"https:\/\/www.printings-n.com\/de\/produkt\/kyle-regenschirm-mit-automatischer-offnung-kyle-2\/","title":{"rendered":"Kyle Regenschirm mit automatischer \u00d6ffnung"},"content":{"rendered":"<p>Wenn Sie einen eleganten Regenschirm suchen, ist Kyle Regenschirm mit automatischer \u00d6ffnung die Antwort. Dank des automatischen Systems l\u00e4sst sich der Schirm mit nur einem Klick \u00f6ffnen. Au\u00dferdem besteht der Schirm aus Metallstreben und einem eleganten Stock und Griff aus Holz.<\/p>","protected":false},"excerpt":{"rendered":"<p>Wenn Sie einen eleganten Regenschirm suchen, ist Kyle Regenschirm mit automatischer \u00d6ffnung die Antwort. Dank des automatischen Systems l\u00e4sst sich der Schirm mit nur einem Klick \u00f6ffnen. Au\u00dferdem besteht der Schirm aus Metallstreben und einem eleganten Stock und Griff aus Holz.<\/p>","protected":false},"featured_media":4867,"comment_status":"open","ping_status":"closed","template":"","meta":[],"product_brand":[],"product_cat":[114],"product_tag":[],"class_list":{"0":"post-4866","1":"product","2":"type-product","3":"status-publish","4":"has-post-thumbnail","6":"product_cat-loisirs-en-exterieur","8":"first","9":"instock","10":"taxable","11":"shipping-taxable","12":"product-type-simple"},"_links":{"self":[{"href":"https:\/\/www.printings-n.com\/de\/wp-json\/wp\/v2\/product\/4866","targetHints":{"allow":["GET"]}}],"collection":[{"href":"https:\/\/www.printings-n.com\/de\/wp-json\/wp\/v2\/product"}],"about":[{"href":"https:\/\/www.printings-n.com\/de\/wp-json\/wp\/v2\/types\/product"}],"replies":[{"embeddable":true,"href":"https:\/\/www.printings-n.com\/de\/wp-json\/wp\/v2\/comments?post=4866"}],"wp:featuredmedia":[{"embeddable":true,"href":"https:\/\/www.printings-n.com\/de\/wp-json\/wp\/v2\/media\/4867"}],"wp:attachment":[{"href":"https:\/\/www.printings-n.com\/de\/wp-json\/wp\/v2\/media?parent=4866"}],"wp:term":[{"taxonomy":"product_brand","embeddable":true,"href":"https:\/\/www.printings-n.com\/de\/wp-json\/wp\/v2\/product_brand?post=4866"},{"taxonomy":"product_cat","embeddable":true,"href":"https:\/\/www.printings-n.com\/de\/wp-json\/wp\/v2\/product_cat?post=4866"},{"taxonomy":"product_tag","embeddable":true,"href":"https:\/\/www.printings-n.com\/de\/wp-json\/wp\/v2\/product_tag?post=4866"}],"curies":[{"name":"wp","href":"https:\/\/api.w.org\/{rel}","templated":true}]}}