{"id":4861,"date":"2024-12-01T09:51:09","date_gmt":"2024-12-01T09:51:09","guid":{"rendered":"https:\/\/www.printings-n.com\/produit\/parapluie-premium-coloradoclassicumbrella23inch-2\/"},"modified":"2024-12-01T09:51:10","modified_gmt":"2024-12-01T09:51:10","slug":"regenschirm-premium-coloradoclassicumbrella23inch-2","status":"publish","type":"product","link":"https:\/\/www.printings-n.com\/de\/produkt\/regenschirm-premium-coloradoclassicumbrella23inch-2\/","title":{"rendered":"Regenschirm gebogener Griff"},"content":{"rendered":"<p>Ihre Kunden werden es Ihnen mit diesem klassischen Werbeartikel danken, indem sie sich vor dem Regen sch&uuml;tzen. Regenschirme mit gebogenem Griff sind die perfekte Kombination aus einem luxuri&ouml;sen Geschenk und einer wichtigen Werbem&ouml;glichkeit. Dank ihrer automatischen &Ouml;ffnungsf&auml;higkeit sind diese Regenschirme aus einem Polyestergewebe , einem Glasfaserrahmen, einem Metallstab und einem Klettverschluss gefertigt. Der klassische hakenf&ouml;rmige Griff liegt bequem in der Hand und ist mit einem luxuri&ouml;sen Gummifinish versehen! Gestalten Sie Ihren eigenen und bestellen Sie noch heute.&lt;br&gt;&lt;br&gt;<br \/>\nM\u00f6chten Sie das gleiche Design auf mehrere Teile des Regenschirms drucken? Bitte stellen Sie einen Antrag auf ein Angebot.<\/p>","protected":false},"excerpt":{"rendered":"<p>Vos clients vous remercieront de ce produit publicitaire classique en les mettant \u00e0 l&#039;abri de la pluie. Parapluie poign\u00e9e courb\u00e9e est la combinaison parfaite d&#039;un cadeau luxueux avec une opportunit\u00e9 promotionnelle importante. Gr\u00e2ce \u00e0 leur capacit\u00e9 d&#039;ouverture automatique, ces parapluies sont construits avec une toile en polyester , un cadre en fibre de verre, une [&hellip;]<\/p>\n","protected":false},"featured_media":4863,"comment_status":"open","ping_status":"closed","template":"","meta":[],"product_brand":[],"product_cat":[114],"product_tag":[],"class_list":{"0":"post-4861","1":"product","2":"type-product","3":"status-publish","4":"has-post-thumbnail","6":"product_cat-loisirs-en-exterieur","8":"first","9":"instock","10":"taxable","11":"shipping-taxable","12":"product-type-simple"},"_links":{"self":[{"href":"https:\/\/www.printings-n.com\/de\/wp-json\/wp\/v2\/product\/4861","targetHints":{"allow":["GET"]}}],"collection":[{"href":"https:\/\/www.printings-n.com\/de\/wp-json\/wp\/v2\/product"}],"about":[{"href":"https:\/\/www.printings-n.com\/de\/wp-json\/wp\/v2\/types\/product"}],"replies":[{"embeddable":true,"href":"https:\/\/www.printings-n.com\/de\/wp-json\/wp\/v2\/comments?post=4861"}],"wp:featuredmedia":[{"embeddable":true,"href":"https:\/\/www.printings-n.com\/de\/wp-json\/wp\/v2\/media\/4863"}],"wp:attachment":[{"href":"https:\/\/www.printings-n.com\/de\/wp-json\/wp\/v2\/media?parent=4861"}],"wp:term":[{"taxonomy":"product_brand","embeddable":true,"href":"https:\/\/www.printings-n.com\/de\/wp-json\/wp\/v2\/product_brand?post=4861"},{"taxonomy":"product_cat","embeddable":true,"href":"https:\/\/www.printings-n.com\/de\/wp-json\/wp\/v2\/product_cat?post=4861"},{"taxonomy":"product_tag","embeddable":true,"href":"https:\/\/www.printings-n.com\/de\/wp-json\/wp\/v2\/product_tag?post=4861"}],"curies":[{"name":"wp","href":"https:\/\/api.w.org\/{rel}","templated":true}]}}