{"id":4742,"date":"2024-12-01T09:46:56","date_gmt":"2024-12-01T09:46:56","guid":{"rendered":"https:\/\/www.printings-n.com\/produit\/cable-6-en-1-en-plastique-recycle-rcs-rcsrecycledplasticontario6in1cable\/"},"modified":"2024-12-01T09:46:57","modified_gmt":"2024-12-01T09:46:57","slug":"cable-6-en-1-en-plastique-recycle-rcs-rcsrecycledplasticontario6in1cable","status":"publish","type":"product","link":"https:\/\/www.printings-n.com\/de\/produkt\/cable-6-en-1-en-plastique-recycle-rcs-rcsrecycledplasticontario6in1cable\/","title":{"rendered":"6-in-1-Kabel aus recyceltem Kunststoff RCS"},"content":{"rendered":"<p>Notre c\u00e2ble multi-usage \u00e9cologique de 120 cm, fabriqu\u00e9 \u00e0 partir de mat\u00e9riaux recycl\u00e9s certifi\u00e9s, offre cinq connecteurs polyvalents : entr\u00e9e USB-C, entr\u00e9e USB-A, sortie Type C, sortie iOS et sortie micro USB. Avec un mat\u00e9riau ABS\/TPE 100 % recycl\u00e9 certifi\u00e9 RCS, il est id\u00e9al pour les utilisateurs soucieux de l&#039;environnement. Personnalisez-le avec la marque de votre entreprise pour une touche unique.<\/p>","protected":false},"excerpt":{"rendered":"<p>Notre c\u00e2ble multi-usage \u00e9cologique de 120 cm, fabriqu\u00e9 \u00e0 partir de mat\u00e9riaux recycl\u00e9s certifi\u00e9s, offre cinq connecteurs polyvalents : entr\u00e9e USB-C, entr\u00e9e USB-A, sortie Type C, sortie iOS et sortie micro USB. Avec un mat\u00e9riau ABS\/TPE 100 % recycl\u00e9 certifi\u00e9 RCS, il est id\u00e9al pour les utilisateurs soucieux de l&#039;environnement. Personnalisez-le avec la marque de [&hellip;]<\/p>\n","protected":false},"featured_media":4743,"comment_status":"open","ping_status":"closed","template":"","meta":[],"product_brand":[],"product_cat":[113],"product_tag":[],"class_list":{"0":"post-4742","1":"product","2":"type-product","3":"status-publish","4":"has-post-thumbnail","6":"product_cat-gadgets-technologie","8":"first","9":"instock","10":"taxable","11":"shipping-taxable","12":"product-type-simple"},"_links":{"self":[{"href":"https:\/\/www.printings-n.com\/de\/wp-json\/wp\/v2\/product\/4742","targetHints":{"allow":["GET"]}}],"collection":[{"href":"https:\/\/www.printings-n.com\/de\/wp-json\/wp\/v2\/product"}],"about":[{"href":"https:\/\/www.printings-n.com\/de\/wp-json\/wp\/v2\/types\/product"}],"replies":[{"embeddable":true,"href":"https:\/\/www.printings-n.com\/de\/wp-json\/wp\/v2\/comments?post=4742"}],"wp:featuredmedia":[{"embeddable":true,"href":"https:\/\/www.printings-n.com\/de\/wp-json\/wp\/v2\/media\/4743"}],"wp:attachment":[{"href":"https:\/\/www.printings-n.com\/de\/wp-json\/wp\/v2\/media?parent=4742"}],"wp:term":[{"taxonomy":"product_brand","embeddable":true,"href":"https:\/\/www.printings-n.com\/de\/wp-json\/wp\/v2\/product_brand?post=4742"},{"taxonomy":"product_cat","embeddable":true,"href":"https:\/\/www.printings-n.com\/de\/wp-json\/wp\/v2\/product_cat?post=4742"},{"taxonomy":"product_tag","embeddable":true,"href":"https:\/\/www.printings-n.com\/de\/wp-json\/wp\/v2\/product_tag?post=4742"}],"curies":[{"name":"wp","href":"https:\/\/api.w.org\/{rel}","templated":true}]}}