{"id":4435,"date":"2024-12-01T09:26:02","date_gmt":"2024-12-01T09:26:02","guid":{"rendered":"https:\/\/www.printings-n.com\/produit\/blocs-notes-a-reliure-spirale-notepadswireo-2\/"},"modified":"2024-12-01T09:26:03","modified_gmt":"2024-12-01T09:26:03","slug":"notizblocke-mit-spiralbindung-notepadswireo-2","status":"publish","type":"product","link":"https:\/\/www.printings-n.com\/de\/produkt\/notizblocke-mit-spiralbindung-notepadswireo-2\/","title":{"rendered":"Notizbl\u00f6cke mit Spiralbindung"},"content":{"rendered":"<p>Ces blocs-notes imprim\u00e9s et \u00e0 reliure en spirale sont parfaits pour prendre des notes lors de r\u00e9unions ou d&#039;autres \u00e9v\u00e9nements importants. Les Blocs-notes \u00e0 reliure spirale constituent \u00e9galement un cadeau id\u00e9al pour vos clients ou vos employ\u00e9s. La reliure en spirale facilite la prise de notes car les pages se tournent facilement et restent \u00e0 plat. Imprimez votre design\/logo sur ces blocs-notes d\u00e8s aujourd&#039;hui sur [site_name].<br \/>\n&lt;br&gt;&lt;br&gt;<br \/>\nNote: Ce produit comprend l&#039;impression sur la couverture avant et les pages int\u00e9rieures. La page 1 du mod\u00e8le correspond \u00e0 la couverture, la page 2 \u00e0 l&#039;avant de toutes les pages int\u00e9rieures, et la page 3 \u00e0 l&#039;arri\u00e8re de toutes les pages int\u00e9rieures. La couverture arri\u00e8re ne peut pas \u00eatre imprim\u00e9e.<\/p>\n","protected":false},"excerpt":{"rendered":"<p>Ces blocs-notes imprim\u00e9s et \u00e0 reliure en spirale sont parfaits pour prendre des notes lors de r\u00e9unions ou d&#039;autres \u00e9v\u00e9nements importants. Les Blocs-notes \u00e0 reliure spirale constituent \u00e9galement un cadeau id\u00e9al pour vos clients ou vos employ\u00e9s. La reliure en spirale facilite la prise de notes car les pages se tournent facilement et restent \u00e0 [&hellip;]<\/p>\n","protected":false},"featured_media":4436,"comment_status":"open","ping_status":"closed","template":"","meta":[],"product_brand":[],"product_cat":[105],"product_tag":[],"class_list":{"0":"post-4435","1":"product","2":"type-product","3":"status-publish","4":"has-post-thumbnail","6":"product_cat-fournitures-de-bureau","8":"first","9":"instock","10":"taxable","11":"shipping-taxable","12":"product-type-simple"},"_links":{"self":[{"href":"https:\/\/www.printings-n.com\/de\/wp-json\/wp\/v2\/product\/4435","targetHints":{"allow":["GET"]}}],"collection":[{"href":"https:\/\/www.printings-n.com\/de\/wp-json\/wp\/v2\/product"}],"about":[{"href":"https:\/\/www.printings-n.com\/de\/wp-json\/wp\/v2\/types\/product"}],"replies":[{"embeddable":true,"href":"https:\/\/www.printings-n.com\/de\/wp-json\/wp\/v2\/comments?post=4435"}],"wp:featuredmedia":[{"embeddable":true,"href":"https:\/\/www.printings-n.com\/de\/wp-json\/wp\/v2\/media\/4436"}],"wp:attachment":[{"href":"https:\/\/www.printings-n.com\/de\/wp-json\/wp\/v2\/media?parent=4435"}],"wp:term":[{"taxonomy":"product_brand","embeddable":true,"href":"https:\/\/www.printings-n.com\/de\/wp-json\/wp\/v2\/product_brand?post=4435"},{"taxonomy":"product_cat","embeddable":true,"href":"https:\/\/www.printings-n.com\/de\/wp-json\/wp\/v2\/product_cat?post=4435"},{"taxonomy":"product_tag","embeddable":true,"href":"https:\/\/www.printings-n.com\/de\/wp-json\/wp\/v2\/product_tag?post=4435"}],"curies":[{"name":"wp","href":"https:\/\/api.w.org\/{rel}","templated":true}]}}