{"id":4428,"date":"2024-12-01T09:25:48","date_gmt":"2024-12-01T09:25:48","guid":{"rendered":"https:\/\/www.printings-n.com\/produit\/agendas-classiques-eurotopbalacrondiary-2\/"},"modified":"2024-12-01T09:25:49","modified_gmt":"2024-12-01T09:25:49","slug":"klassische-terminkalender-eurotopbalacrondiary-2","status":"publish","type":"product","link":"https:\/\/www.printings-n.com\/de\/produkt\/klassische-terminkalender-eurotopbalacrondiary-2\/","title":{"rendered":"Terminplaner A5 Eurotop Balacron 6 Sprachen"},"content":{"rendered":"<p>Bleiben Sie organisiert mit diesem intelligenten Tischkalender, der in sechs Sprachen erh\u00e4ltlich ist: Englisch, Niederl\u00e4ndisch, Franz\u00f6sisch, Deutsch, Italienisch und Spanisch. Er verf\u00fcgt \u00fcber einen haltbaren, gepolsterten Einband mit gepr\u00e4gter Jahreszahl auf der Vorderseite und bietet ein Layout mit einer Seite pro Tag. Die praktischen abtrennbaren datierten Ecken erm\u00f6glichen eine einfache Nachverfolgung, w\u00e4hrend der Jahresplaner und der zus\u00e4tzliche Platz f\u00fcr Notizen dabei helfen, Ihre Projekte unter Kontrolle zu halten. Gr\u00f6\u00dfe nahe A5, perfekt.<\/p>","protected":false},"excerpt":{"rendered":"<p>Restez organis\u00e9 avec cet agenda de bureau intelligent disponible en six langues : anglais, n\u00e9erlandais, fran\u00e7ais, allemand, italien et espagnol. Dot\u00e9 d&#039;une couverture matelass\u00e9e durable avec l&#039;ann\u00e9e emboss\u00e9e sur le devant, il comprend une mise en page d&#039;une page par jour. Les coins dat\u00e9s d\u00e9tachables pratiques permettent un suivi facile, tandis que le planificateur annuel [&hellip;]<\/p>\n","protected":false},"featured_media":4429,"comment_status":"open","ping_status":"closed","template":"","meta":[],"product_brand":[],"product_cat":[105],"product_tag":[],"class_list":{"0":"post-4428","1":"product","2":"type-product","3":"status-publish","4":"has-post-thumbnail","6":"product_cat-fournitures-de-bureau","8":"first","9":"instock","10":"taxable","11":"shipping-taxable","12":"product-type-simple"},"_links":{"self":[{"href":"https:\/\/www.printings-n.com\/de\/wp-json\/wp\/v2\/product\/4428","targetHints":{"allow":["GET"]}}],"collection":[{"href":"https:\/\/www.printings-n.com\/de\/wp-json\/wp\/v2\/product"}],"about":[{"href":"https:\/\/www.printings-n.com\/de\/wp-json\/wp\/v2\/types\/product"}],"replies":[{"embeddable":true,"href":"https:\/\/www.printings-n.com\/de\/wp-json\/wp\/v2\/comments?post=4428"}],"wp:featuredmedia":[{"embeddable":true,"href":"https:\/\/www.printings-n.com\/de\/wp-json\/wp\/v2\/media\/4429"}],"wp:attachment":[{"href":"https:\/\/www.printings-n.com\/de\/wp-json\/wp\/v2\/media?parent=4428"}],"wp:term":[{"taxonomy":"product_brand","embeddable":true,"href":"https:\/\/www.printings-n.com\/de\/wp-json\/wp\/v2\/product_brand?post=4428"},{"taxonomy":"product_cat","embeddable":true,"href":"https:\/\/www.printings-n.com\/de\/wp-json\/wp\/v2\/product_cat?post=4428"},{"taxonomy":"product_tag","embeddable":true,"href":"https:\/\/www.printings-n.com\/de\/wp-json\/wp\/v2\/product_tag?post=4428"}],"curies":[{"name":"wp","href":"https:\/\/api.w.org\/{rel}","templated":true}]}}