{"id":4244,"date":"2024-12-01T09:11:11","date_gmt":"2024-12-01T09:11:11","guid":{"rendered":"https:\/\/www.printings-n.com\/produit\/stylo-blanc-clip-et-pointe-colores-stilolineaducalcolorpen\/"},"modified":"2024-12-01T09:11:12","modified_gmt":"2024-12-01T09:11:12","slug":"weiser-stift-mit-farbigem-clip-und-farbiger-spitze-stilolineaducalcolorpen","status":"publish","type":"product","link":"https:\/\/www.printings-n.com\/de\/produkt\/weiser-stift-mit-farbigem-clip-und-farbiger-spitze-stilolineaducalcolorpen\/","title":{"rendered":"Wei\u00dfer Kugelschreiber farbiger Clip und Spitze"},"content":{"rendered":"<p>Genie\u00dfen Sie ein fl\u00fcssiges Schreiben mit blauer Tinte mit diesem in Italien hergestellten Stilolinea-Kugelschreiber, der mit einem eleganten farbigen Clip und einer farbigen Spitze ausgestattet ist. Mit dem Ziel der Zuverl\u00e4ssigkeit und Eleganz ist dies ein perfekter Kugelschreiber f\u00fcr jeden Tag, der hochwertige Handwerkskunst mit einem Hauch von Farbe verbindet.<\/p>","protected":false},"excerpt":{"rendered":"<p>Genie\u00dfen Sie ein fl\u00fcssiges Schreiben mit blauer Tinte mit diesem in Italien hergestellten Stilolinea-Kugelschreiber, der mit einem eleganten farbigen Clip und einer farbigen Spitze ausgestattet ist. Mit dem Ziel der Zuverl\u00e4ssigkeit und Eleganz ist dies ein perfekter Kugelschreiber f\u00fcr jeden Tag, der hochwertige Handwerkskunst mit einem Hauch von Farbe verbindet.<\/p>","protected":false},"featured_media":4245,"comment_status":"open","ping_status":"closed","template":"","meta":[],"product_brand":[],"product_cat":[103],"product_tag":[],"class_list":{"0":"post-4244","1":"product","2":"type-product","3":"status-publish","4":"has-post-thumbnail","6":"product_cat-stylos","8":"first","9":"instock","10":"taxable","11":"shipping-taxable","12":"product-type-simple"},"_links":{"self":[{"href":"https:\/\/www.printings-n.com\/de\/wp-json\/wp\/v2\/product\/4244","targetHints":{"allow":["GET"]}}],"collection":[{"href":"https:\/\/www.printings-n.com\/de\/wp-json\/wp\/v2\/product"}],"about":[{"href":"https:\/\/www.printings-n.com\/de\/wp-json\/wp\/v2\/types\/product"}],"replies":[{"embeddable":true,"href":"https:\/\/www.printings-n.com\/de\/wp-json\/wp\/v2\/comments?post=4244"}],"wp:featuredmedia":[{"embeddable":true,"href":"https:\/\/www.printings-n.com\/de\/wp-json\/wp\/v2\/media\/4245"}],"wp:attachment":[{"href":"https:\/\/www.printings-n.com\/de\/wp-json\/wp\/v2\/media?parent=4244"}],"wp:term":[{"taxonomy":"product_brand","embeddable":true,"href":"https:\/\/www.printings-n.com\/de\/wp-json\/wp\/v2\/product_brand?post=4244"},{"taxonomy":"product_cat","embeddable":true,"href":"https:\/\/www.printings-n.com\/de\/wp-json\/wp\/v2\/product_cat?post=4244"},{"taxonomy":"product_tag","embeddable":true,"href":"https:\/\/www.printings-n.com\/de\/wp-json\/wp\/v2\/product_tag?post=4244"}],"curies":[{"name":"wp","href":"https:\/\/api.w.org\/{rel}","templated":true}]}}