{"id":4218,"date":"2024-12-01T09:10:25","date_gmt":"2024-12-01T09:10:25","guid":{"rendered":"https:\/\/www.printings-n.com\/produit\/bic-4-couleurs-stylo-bic4coloursballpen\/"},"modified":"2024-12-01T09:10:26","modified_gmt":"2024-12-01T09:10:26","slug":"bic-4-farbig-stift-bic4coloursballpen","status":"publish","type":"product","link":"https:\/\/www.printings-n.com\/de\/produkt\/bic-4-farbig-stift-bic4coloursballpen\/","title":{"rendered":"BIC 4 Farben Stift"},"content":{"rendered":"<p>Vier Tintenfarben in einem! Dieser ikonische BIC\u00ae 4 Colours\u00ae-Stift bietet die Bequemlichkeit von schwarzer, blauer, roter und gr\u00fcner Tinte in einem einzigen Stift. Jetzt ist er noch nachhaltiger und weist auf der Oberseite eine Reduzierung des Kunststoffanteils um 13 % auf. Drucken Sie im Vierfarbdruck mit hochwertigem Britepix\u2122 Digital f\u00fcr einen individuellen Look, der sich abhebt.<\/p>","protected":false},"excerpt":{"rendered":"<p>Quatre couleurs d&#039;encre en une seule ! Ce stylo embl\u00e9matique BIC\u00ae 4 Colours\u00ae offre la commodit\u00e9 d&#039;une encre noire, bleue, rouge et verte dans un seul stylo. D\u00e9sormais encore plus durable, il pr\u00e9sente une r\u00e9duction de 13 % de plastique sur le dessus. Imprimez en quadrichromie avec Britepix\u2122 Digital de haute qualit\u00e9 pour un look [&hellip;]<\/p>\n","protected":false},"featured_media":4219,"comment_status":"open","ping_status":"closed","template":"","meta":[],"product_brand":[],"product_cat":[103],"product_tag":[],"class_list":{"0":"post-4218","1":"product","2":"type-product","3":"status-publish","4":"has-post-thumbnail","6":"product_cat-stylos","8":"first","9":"instock","10":"taxable","11":"shipping-taxable","12":"product-type-simple"},"_links":{"self":[{"href":"https:\/\/www.printings-n.com\/de\/wp-json\/wp\/v2\/product\/4218","targetHints":{"allow":["GET"]}}],"collection":[{"href":"https:\/\/www.printings-n.com\/de\/wp-json\/wp\/v2\/product"}],"about":[{"href":"https:\/\/www.printings-n.com\/de\/wp-json\/wp\/v2\/types\/product"}],"replies":[{"embeddable":true,"href":"https:\/\/www.printings-n.com\/de\/wp-json\/wp\/v2\/comments?post=4218"}],"wp:featuredmedia":[{"embeddable":true,"href":"https:\/\/www.printings-n.com\/de\/wp-json\/wp\/v2\/media\/4219"}],"wp:attachment":[{"href":"https:\/\/www.printings-n.com\/de\/wp-json\/wp\/v2\/media?parent=4218"}],"wp:term":[{"taxonomy":"product_brand","embeddable":true,"href":"https:\/\/www.printings-n.com\/de\/wp-json\/wp\/v2\/product_brand?post=4218"},{"taxonomy":"product_cat","embeddable":true,"href":"https:\/\/www.printings-n.com\/de\/wp-json\/wp\/v2\/product_cat?post=4218"},{"taxonomy":"product_tag","embeddable":true,"href":"https:\/\/www.printings-n.com\/de\/wp-json\/wp\/v2\/product_tag?post=4218"}],"curies":[{"name":"wp","href":"https:\/\/api.w.org\/{rel}","templated":true}]}}