{"id":4209,"date":"2024-12-01T09:10:06","date_gmt":"2024-12-01T09:10:06","guid":{"rendered":"https:\/\/www.printings-n.com\/produit\/stylos-avec-grip-basicpens\/"},"modified":"2024-12-01T09:10:07","modified_gmt":"2024-12-01T09:10:07","slug":"stylos-avec-grip-basicpens","status":"publish","type":"product","link":"https:\/\/www.printings-n.com\/de\/produkt\/stylos-avec-grip-basicpens\/","title":{"rendered":"Stifte mit Griff"},"content":{"rendered":"<p>Les stylos promotionnels personnalis\u00e9s sont un excellent cadeau pour les clients potentiels et peuvent \u00e9galement \u00eatre tr\u00e8s utiles ! Parfait pour tout \u00e9v\u00e9nement ou entreprise, commandez des stylos imprim\u00e9s avec votre logo sur [site_name]. Ces stylos ont un corps m\u00e9tallique blanc avec une zone d&#039;impression pour votre texte personnalis\u00e9. Le grip doux offre un confort d&#039;\u00e9criture optimal. Commandez le v\u00f4tre d\u00e8s aujourd&#039;hui!<\/p>\n","protected":false},"excerpt":{"rendered":"<p>Les stylos promotionnels personnalis\u00e9s sont un excellent cadeau pour les clients potentiels et peuvent \u00e9galement \u00eatre tr\u00e8s utiles ! Parfait pour tout \u00e9v\u00e9nement ou entreprise, commandez des stylos imprim\u00e9s avec votre logo sur [site_name]. Ces stylos ont un corps m\u00e9tallique blanc avec une zone d&#039;impression pour votre texte personnalis\u00e9. Le grip doux offre un confort [&hellip;]<\/p>\n","protected":false},"featured_media":4210,"comment_status":"open","ping_status":"closed","template":"","meta":[],"product_brand":[],"product_cat":[103],"product_tag":[],"class_list":{"0":"post-4209","1":"product","2":"type-product","3":"status-publish","4":"has-post-thumbnail","6":"product_cat-stylos","8":"first","9":"instock","10":"taxable","11":"shipping-taxable","12":"product-type-simple"},"_links":{"self":[{"href":"https:\/\/www.printings-n.com\/de\/wp-json\/wp\/v2\/product\/4209","targetHints":{"allow":["GET"]}}],"collection":[{"href":"https:\/\/www.printings-n.com\/de\/wp-json\/wp\/v2\/product"}],"about":[{"href":"https:\/\/www.printings-n.com\/de\/wp-json\/wp\/v2\/types\/product"}],"replies":[{"embeddable":true,"href":"https:\/\/www.printings-n.com\/de\/wp-json\/wp\/v2\/comments?post=4209"}],"wp:featuredmedia":[{"embeddable":true,"href":"https:\/\/www.printings-n.com\/de\/wp-json\/wp\/v2\/media\/4210"}],"wp:attachment":[{"href":"https:\/\/www.printings-n.com\/de\/wp-json\/wp\/v2\/media?parent=4209"}],"wp:term":[{"taxonomy":"product_brand","embeddable":true,"href":"https:\/\/www.printings-n.com\/de\/wp-json\/wp\/v2\/product_brand?post=4209"},{"taxonomy":"product_cat","embeddable":true,"href":"https:\/\/www.printings-n.com\/de\/wp-json\/wp\/v2\/product_cat?post=4209"},{"taxonomy":"product_tag","embeddable":true,"href":"https:\/\/www.printings-n.com\/de\/wp-json\/wp\/v2\/product_tag?post=4209"}],"curies":[{"name":"wp","href":"https:\/\/api.w.org\/{rel}","templated":true}]}}