{"id":4205,"date":"2024-12-01T09:09:56","date_gmt":"2024-12-01T09:09:56","guid":{"rendered":"https:\/\/www.printings-n.com\/produit\/stylo-premium-avec-grip-penclexton\/"},"modified":"2024-12-01T09:09:57","modified_gmt":"2024-12-01T09:09:57","slug":"premium-stift-mit-penclexton-griff","status":"publish","type":"product","link":"https:\/\/www.printings-n.com\/de\/produkt\/premium-stift-mit-penclexton-griff\/","title":{"rendered":"Premium-Kugelschreiber mit Griffloch"},"content":{"rendered":"<p>Transformez vos id\u00e9es en futurs projets ou objectifs en les \u00e9crivant quand l&#039;inspiration vous vient ! Les Stylo premium avec grip peuvent \u00eatre offerts \u00e0 vos clients ou \u00eatre utilis\u00e9s comme goodies lors d\u2019\u00e9v\u00e9nements. L&#039;encre de ce stylo est bleue. Commandez d\u00e8s maintenant vos Stylo premium avec grip avec [site_name] et personnalisez votre communication d\u00e8s maintenant !<\/p>\n","protected":false},"excerpt":{"rendered":"<p>Transformez vos id\u00e9es en futurs projets ou objectifs en les \u00e9crivant quand l&#039;inspiration vous vient ! Les Stylo premium avec grip peuvent \u00eatre offerts \u00e0 vos clients ou \u00eatre utilis\u00e9s comme goodies lors d\u2019\u00e9v\u00e9nements. L&#039;encre de ce stylo est bleue. Commandez d\u00e8s maintenant vos Stylo premium avec grip avec [site_name] et personnalisez votre communication d\u00e8s [&hellip;]<\/p>\n","protected":false},"featured_media":4206,"comment_status":"open","ping_status":"closed","template":"","meta":[],"product_brand":[],"product_cat":[103],"product_tag":[],"class_list":{"0":"post-4205","1":"product","2":"type-product","3":"status-publish","4":"has-post-thumbnail","6":"product_cat-stylos","8":"first","9":"instock","10":"taxable","11":"shipping-taxable","12":"product-type-simple"},"_links":{"self":[{"href":"https:\/\/www.printings-n.com\/de\/wp-json\/wp\/v2\/product\/4205","targetHints":{"allow":["GET"]}}],"collection":[{"href":"https:\/\/www.printings-n.com\/de\/wp-json\/wp\/v2\/product"}],"about":[{"href":"https:\/\/www.printings-n.com\/de\/wp-json\/wp\/v2\/types\/product"}],"replies":[{"embeddable":true,"href":"https:\/\/www.printings-n.com\/de\/wp-json\/wp\/v2\/comments?post=4205"}],"wp:featuredmedia":[{"embeddable":true,"href":"https:\/\/www.printings-n.com\/de\/wp-json\/wp\/v2\/media\/4206"}],"wp:attachment":[{"href":"https:\/\/www.printings-n.com\/de\/wp-json\/wp\/v2\/media?parent=4205"}],"wp:term":[{"taxonomy":"product_brand","embeddable":true,"href":"https:\/\/www.printings-n.com\/de\/wp-json\/wp\/v2\/product_brand?post=4205"},{"taxonomy":"product_cat","embeddable":true,"href":"https:\/\/www.printings-n.com\/de\/wp-json\/wp\/v2\/product_cat?post=4205"},{"taxonomy":"product_tag","embeddable":true,"href":"https:\/\/www.printings-n.com\/de\/wp-json\/wp\/v2\/product_tag?post=4205"}],"curies":[{"name":"wp","href":"https:\/\/api.w.org\/{rel}","templated":true}]}}