{"id":3936,"date":"2024-12-01T08:58:22","date_gmt":"2024-12-01T08:58:22","guid":{"rendered":"https:\/\/www.printings-n.com\/produit\/sac-weekend-swiss-peak-voyager-en-rpet-aware-swisspeakawarerpetvoyagerweekendbag\/"},"modified":"2024-12-01T08:58:23","modified_gmt":"2024-12-01T08:58:23","slug":"wochenendtasche-swiss-peak-reisen-in-rpet-aware-swisspeakawarerpetvoyagerweekendbag","status":"publish","type":"product","link":"https:\/\/www.printings-n.com\/de\/produkt\/wochenendtasche-swiss-peak-reisen-in-rpet-aware-swisspeakawarerpetvoyagerweekendbag\/","title":{"rendered":"Wochenendtasche Swiss Peak Voyager in rPET AWARE"},"content":{"rendered":"<p>Wochenendtasche Swiss Peak Voyager aus rPET AWARE ist eine moderne Version einer Reisetasche, die aus umweltfreundlichen Materialien hergestellt wurde. Sie besteht au\u00dfen aus 1680D recyceltem Polyester, das mit hochwertigen PU-Details verziert ist, w\u00e4hrend das Innere mit 150D recyceltem Polyester gef\u00fcttert ist. Diese Tasche ist der ideale Begleiter f\u00fcr einen Wochenendtrip. Sie bietet ein ger\u00e4umiges Hauptfach sowie eine Innentasche mit Rei\u00dfverschluss, damit Ihre Sachen gut organisiert bleiben. Die Vordertasche mit Rei\u00dfverschluss verf\u00fcgt \u00fcber mehrere F\u00e4cher f\u00fcr eine praktische interne Organisation. Au\u00dferdem ist er mit einem Gep\u00e4ckanh\u00e4nger und Anti-RFID-Taschen ausgestattet. Alles in allem ist dies ein Muss f\u00fcr ein entspanntes Wochenende. Seine Herstellung aus recyceltem Polyester au\u00dfen und innen tr\u00e4gt zu einer nachhaltigen Reise bei.<\/p>","protected":false},"excerpt":{"rendered":"<p>Sac weekend Swiss Peak Voyager en rPET AWARE est une version moderne d&#039;un sac de voyage, con\u00e7u avec des mat\u00e9riaux respectueux de l&#039;environnement. Il est fabriqu\u00e9 \u00e0 partir de polyester recycl\u00e9 1680D pour l&#039;ext\u00e9rieur, agr\u00e9ment\u00e9 de d\u00e9tails en PU de haute qualit\u00e9, tandis que l&#039;int\u00e9rieur est doubl\u00e9 de polyester recycl\u00e9 150D. Ce sac est le [&hellip;]<\/p>\n","protected":false},"featured_media":3937,"comment_status":"open","ping_status":"closed","template":"","meta":[],"product_brand":[],"product_cat":[102],"product_tag":[],"class_list":{"0":"post-3936","1":"product","2":"type-product","3":"status-publish","4":"has-post-thumbnail","6":"product_cat-sacs","8":"first","9":"instock","10":"taxable","11":"shipping-taxable","12":"product-type-simple"},"_links":{"self":[{"href":"https:\/\/www.printings-n.com\/de\/wp-json\/wp\/v2\/product\/3936","targetHints":{"allow":["GET"]}}],"collection":[{"href":"https:\/\/www.printings-n.com\/de\/wp-json\/wp\/v2\/product"}],"about":[{"href":"https:\/\/www.printings-n.com\/de\/wp-json\/wp\/v2\/types\/product"}],"replies":[{"embeddable":true,"href":"https:\/\/www.printings-n.com\/de\/wp-json\/wp\/v2\/comments?post=3936"}],"wp:featuredmedia":[{"embeddable":true,"href":"https:\/\/www.printings-n.com\/de\/wp-json\/wp\/v2\/media\/3937"}],"wp:attachment":[{"href":"https:\/\/www.printings-n.com\/de\/wp-json\/wp\/v2\/media?parent=3936"}],"wp:term":[{"taxonomy":"product_brand","embeddable":true,"href":"https:\/\/www.printings-n.com\/de\/wp-json\/wp\/v2\/product_brand?post=3936"},{"taxonomy":"product_cat","embeddable":true,"href":"https:\/\/www.printings-n.com\/de\/wp-json\/wp\/v2\/product_cat?post=3936"},{"taxonomy":"product_tag","embeddable":true,"href":"https:\/\/www.printings-n.com\/de\/wp-json\/wp\/v2\/product_tag?post=3936"}],"curies":[{"name":"wp","href":"https:\/\/api.w.org\/{rel}","templated":true}]}}