{"id":3930,"date":"2024-12-01T08:58:06","date_gmt":"2024-12-01T08:58:06","guid":{"rendered":"https:\/\/www.printings-n.com\/produit\/sacs-kraft-impression-quadri-kraftbagsfullcolour-2\/"},"modified":"2024-12-01T08:58:07","modified_gmt":"2024-12-01T08:58:07","slug":"sacs-kraft-impression-quadri-kraftbagsfullcolour-2","status":"publish","type":"product","link":"https:\/\/www.printings-n.com\/de\/produkt\/sacs-kraft-impression-quadri-kraftbagsfullcolour-2\/","title":{"rendered":"Krafttaschen Vierfarbendruck"},"content":{"rendered":"<p>Les sacs en papier kraft sont indispensables pour promouvoir votre entreprise ! Gr\u00e2ce \u00e0 l&#039;impression en quadrichromie sur chaque face du sac, votre motif sera visible sous tous les angles et vous distinguera de la concurrence. Vous pouvez donner un coup de pouce \u00e0 votre marque, ainsi qu&#039;\u00e0 la plan\u00e8te, avec notre alternative \u00e9cologique aux sacs en plastique !<\/p>","protected":false},"excerpt":{"rendered":"<p>Les sacs en papier kraft sont indispensables pour promouvoir votre entreprise ! Gr\u00e2ce \u00e0 l&#039;impression en quadrichromie sur chaque face du sac, votre motif sera visible sous tous les angles et vous distinguera de la concurrence. Vous pouvez donner un coup de pouce \u00e0 votre marque, ainsi qu&#039;\u00e0 la plan\u00e8te, avec notre alternative \u00e9cologique aux [&hellip;]<\/p>\n","protected":false},"featured_media":3931,"comment_status":"open","ping_status":"closed","template":"","meta":[],"product_brand":[],"product_cat":[102],"product_tag":[],"class_list":{"0":"post-3930","1":"product","2":"type-product","3":"status-publish","4":"has-post-thumbnail","6":"product_cat-sacs","8":"first","9":"instock","10":"taxable","11":"shipping-taxable","12":"product-type-simple"},"_links":{"self":[{"href":"https:\/\/www.printings-n.com\/de\/wp-json\/wp\/v2\/product\/3930","targetHints":{"allow":["GET"]}}],"collection":[{"href":"https:\/\/www.printings-n.com\/de\/wp-json\/wp\/v2\/product"}],"about":[{"href":"https:\/\/www.printings-n.com\/de\/wp-json\/wp\/v2\/types\/product"}],"replies":[{"embeddable":true,"href":"https:\/\/www.printings-n.com\/de\/wp-json\/wp\/v2\/comments?post=3930"}],"wp:featuredmedia":[{"embeddable":true,"href":"https:\/\/www.printings-n.com\/de\/wp-json\/wp\/v2\/media\/3931"}],"wp:attachment":[{"href":"https:\/\/www.printings-n.com\/de\/wp-json\/wp\/v2\/media?parent=3930"}],"wp:term":[{"taxonomy":"product_brand","embeddable":true,"href":"https:\/\/www.printings-n.com\/de\/wp-json\/wp\/v2\/product_brand?post=3930"},{"taxonomy":"product_cat","embeddable":true,"href":"https:\/\/www.printings-n.com\/de\/wp-json\/wp\/v2\/product_cat?post=3930"},{"taxonomy":"product_tag","embeddable":true,"href":"https:\/\/www.printings-n.com\/de\/wp-json\/wp\/v2\/product_tag?post=3930"}],"curies":[{"name":"wp","href":"https:\/\/api.w.org\/{rel}","templated":true}]}}