{"id":3647,"date":"2024-11-30T23:18:45","date_gmt":"2024-11-30T23:18:45","guid":{"rendered":"https:\/\/www.printings-n.com\/produit\/carnet-en-papier-recycle-berkrecycledpapernotebook\/"},"modified":"2024-11-30T23:18:46","modified_gmt":"2024-11-30T23:18:46","slug":"notizbuch-aus-recyceltem-papier-berkrecycledpapernotebook","status":"publish","type":"product","link":"https:\/\/www.printings-n.com\/de\/produkt\/notizbuch-aus-recyceltem-papier-berkrecycledpapernotebook\/","title":{"rendered":"Notizbuch aus Recyclingpapier"},"content":{"rendered":"<p>Setzen Sie auf Nachhaltigkeit mit unserem Notizbuch aus Recyclingpapier. Hergestellt aus liniertem Recyclingpapier, vereint es Umweltbewusstsein und Funktionalit\u00e4t. Die abgerundeten Ecken, das vibrierende Gummiband und die passende Stiftschlaufe sorgen f\u00fcr einen stilvollen Akzent. Entscheiden Sie sich f\u00fcr Gr\u00fcn und machen Sie einen Unterschied!<\/p>","protected":false},"excerpt":{"rendered":"<p>Setzen Sie auf Nachhaltigkeit mit unserem Notizbuch aus Recyclingpapier. Hergestellt aus liniertem Recyclingpapier, vereint es Umweltbewusstsein und Funktionalit\u00e4t. Die abgerundeten Ecken, das vibrierende Gummiband und die passende Stiftschlaufe sorgen f\u00fcr einen stilvollen Akzent. Entscheiden Sie sich f\u00fcr Gr\u00fcn und machen Sie einen Unterschied!<\/p>","protected":false},"featured_media":3648,"comment_status":"open","ping_status":"closed","template":"","meta":[],"product_brand":[],"product_cat":[88],"product_tag":[],"class_list":{"0":"post-3647","1":"product","2":"type-product","3":"status-publish","4":"has-post-thumbnail","6":"product_cat-carnets-cahiers","8":"first","9":"instock","10":"taxable","11":"shipping-taxable","12":"product-type-simple"},"_links":{"self":[{"href":"https:\/\/www.printings-n.com\/de\/wp-json\/wp\/v2\/product\/3647","targetHints":{"allow":["GET"]}}],"collection":[{"href":"https:\/\/www.printings-n.com\/de\/wp-json\/wp\/v2\/product"}],"about":[{"href":"https:\/\/www.printings-n.com\/de\/wp-json\/wp\/v2\/types\/product"}],"replies":[{"embeddable":true,"href":"https:\/\/www.printings-n.com\/de\/wp-json\/wp\/v2\/comments?post=3647"}],"wp:featuredmedia":[{"embeddable":true,"href":"https:\/\/www.printings-n.com\/de\/wp-json\/wp\/v2\/media\/3648"}],"wp:attachment":[{"href":"https:\/\/www.printings-n.com\/de\/wp-json\/wp\/v2\/media?parent=3647"}],"wp:term":[{"taxonomy":"product_brand","embeddable":true,"href":"https:\/\/www.printings-n.com\/de\/wp-json\/wp\/v2\/product_brand?post=3647"},{"taxonomy":"product_cat","embeddable":true,"href":"https:\/\/www.printings-n.com\/de\/wp-json\/wp\/v2\/product_cat?post=3647"},{"taxonomy":"product_tag","embeddable":true,"href":"https:\/\/www.printings-n.com\/de\/wp-json\/wp\/v2\/product_tag?post=3647"}],"curies":[{"name":"wp","href":"https:\/\/api.w.org\/{rel}","templated":true}]}}