{"id":3645,"date":"2024-11-30T23:18:41","date_gmt":"2024-11-30T23:18:41","guid":{"rendered":"https:\/\/www.printings-n.com\/produit\/carnet-a5-noir-budget-blacknotea5notebook\/"},"modified":"2024-11-30T23:18:41","modified_gmt":"2024-11-30T23:18:41","slug":"a5-notizbuch-schwarz-budget-blacknotea5notebook","status":"publish","type":"product","link":"https:\/\/www.printings-n.com\/de\/produkt\/a5-notizbuch-schwarz-budget-blacknotea5notebook\/","title":{"rendered":"Notizbuch A5 schwarz Budget"},"content":{"rendered":"<p>\u00c9pur\u00e9s et \u00e9l\u00e9gants, les Carnet A5 noir budget de [site_name] ne manqueront pas d&#039;impressionner. Personnalisez la couverture avant et choisissez \u00e9galement la couleur du ruban pour l&#039;assortir aux couleurs de votre entreprise. Les carnets A5 ont une couverture rigide, une bande \u00e9lastique pour garder vos notes compactes, et un marque-page en ruban. Les pages int\u00e9rieures sont de 80 g, de couleur cr\u00e8me et lign\u00e9es &#8211; parfaites pour prendre des notes.<\/p>\n","protected":false},"excerpt":{"rendered":"<p>\u00c9pur\u00e9s et \u00e9l\u00e9gants, les Carnet A5 noir budget de [site_name] ne manqueront pas d&#039;impressionner. Personnalisez la couverture avant et choisissez \u00e9galement la couleur du ruban pour l&#039;assortir aux couleurs de votre entreprise. Les carnets A5 ont une couverture rigide, une bande \u00e9lastique pour garder vos notes compactes, et un marque-page en ruban. Les pages int\u00e9rieures [&hellip;]<\/p>\n","protected":false},"featured_media":3646,"comment_status":"open","ping_status":"closed","template":"","meta":[],"product_brand":[],"product_cat":[88],"product_tag":[],"class_list":{"0":"post-3645","1":"product","2":"type-product","3":"status-publish","4":"has-post-thumbnail","6":"product_cat-carnets-cahiers","8":"first","9":"instock","10":"taxable","11":"shipping-taxable","12":"product-type-simple"},"_links":{"self":[{"href":"https:\/\/www.printings-n.com\/de\/wp-json\/wp\/v2\/product\/3645","targetHints":{"allow":["GET"]}}],"collection":[{"href":"https:\/\/www.printings-n.com\/de\/wp-json\/wp\/v2\/product"}],"about":[{"href":"https:\/\/www.printings-n.com\/de\/wp-json\/wp\/v2\/types\/product"}],"replies":[{"embeddable":true,"href":"https:\/\/www.printings-n.com\/de\/wp-json\/wp\/v2\/comments?post=3645"}],"wp:featuredmedia":[{"embeddable":true,"href":"https:\/\/www.printings-n.com\/de\/wp-json\/wp\/v2\/media\/3646"}],"wp:attachment":[{"href":"https:\/\/www.printings-n.com\/de\/wp-json\/wp\/v2\/media?parent=3645"}],"wp:term":[{"taxonomy":"product_brand","embeddable":true,"href":"https:\/\/www.printings-n.com\/de\/wp-json\/wp\/v2\/product_brand?post=3645"},{"taxonomy":"product_cat","embeddable":true,"href":"https:\/\/www.printings-n.com\/de\/wp-json\/wp\/v2\/product_cat?post=3645"},{"taxonomy":"product_tag","embeddable":true,"href":"https:\/\/www.printings-n.com\/de\/wp-json\/wp\/v2\/product_tag?post=3645"}],"curies":[{"name":"wp","href":"https:\/\/api.w.org\/{rel}","templated":true}]}}