{"id":3641,"date":"2024-11-30T23:18:33","date_gmt":"2024-11-30T23:18:33","guid":{"rendered":"https:\/\/www.printings-n.com\/produit\/carnet-a5-couverture-en-liege-et-kraft-a5corkkraftnotebook\/"},"modified":"2024-11-30T23:18:33","modified_gmt":"2024-11-30T23:18:33","slug":"a5-notizbuch-einband-aus-luttich-und-kraft-a5corkkraftnotebook","status":"publish","type":"product","link":"https:\/\/www.printings-n.com\/de\/produkt\/a5-notizbuch-einband-aus-luttich-und-kraft-a5corkkraftnotebook\/","title":{"rendered":"Notizbuch A5 Einband aus Kork und Kraft"},"content":{"rendered":"<p>Entscheiden Sie sich f\u00fcr unsere umweltfreundliche Option mit unserem Notizbuch aus Kork und Kraft! Lassen Sie Ihrer Kreativit\u00e4t auf den Seiten, die aus recyceltem Kraftpapier hergestellt sind, freien Lauf und spiegeln Sie so Ihr Engagement f\u00fcr die Umwelt wider. Auf 160 Seiten haben Sie viel Platz, um Ihre Ideen festzuhalten.<\/p>","protected":false},"excerpt":{"rendered":"<p>Entscheiden Sie sich f\u00fcr unsere umweltfreundliche Option mit unserem Notizbuch aus Kork und Kraft! Lassen Sie Ihrer Kreativit\u00e4t auf den Seiten, die aus recyceltem Kraftpapier hergestellt sind, freien Lauf und spiegeln Sie so Ihr Engagement f\u00fcr die Umwelt wider. Auf 160 Seiten haben Sie viel Platz, um Ihre Ideen festzuhalten.<\/p>","protected":false},"featured_media":3642,"comment_status":"open","ping_status":"closed","template":"","meta":[],"product_brand":[],"product_cat":[88],"product_tag":[],"class_list":{"0":"post-3641","1":"product","2":"type-product","3":"status-publish","4":"has-post-thumbnail","6":"product_cat-carnets-cahiers","8":"first","9":"instock","10":"taxable","11":"shipping-taxable","12":"product-type-simple"},"_links":{"self":[{"href":"https:\/\/www.printings-n.com\/de\/wp-json\/wp\/v2\/product\/3641","targetHints":{"allow":["GET"]}}],"collection":[{"href":"https:\/\/www.printings-n.com\/de\/wp-json\/wp\/v2\/product"}],"about":[{"href":"https:\/\/www.printings-n.com\/de\/wp-json\/wp\/v2\/types\/product"}],"replies":[{"embeddable":true,"href":"https:\/\/www.printings-n.com\/de\/wp-json\/wp\/v2\/comments?post=3641"}],"wp:featuredmedia":[{"embeddable":true,"href":"https:\/\/www.printings-n.com\/de\/wp-json\/wp\/v2\/media\/3642"}],"wp:attachment":[{"href":"https:\/\/www.printings-n.com\/de\/wp-json\/wp\/v2\/media?parent=3641"}],"wp:term":[{"taxonomy":"product_brand","embeddable":true,"href":"https:\/\/www.printings-n.com\/de\/wp-json\/wp\/v2\/product_brand?post=3641"},{"taxonomy":"product_cat","embeddable":true,"href":"https:\/\/www.printings-n.com\/de\/wp-json\/wp\/v2\/product_cat?post=3641"},{"taxonomy":"product_tag","embeddable":true,"href":"https:\/\/www.printings-n.com\/de\/wp-json\/wp\/v2\/product_tag?post=3641"}],"curies":[{"name":"wp","href":"https:\/\/api.w.org\/{rel}","templated":true}]}}