{"id":3639,"date":"2024-11-30T23:18:29","date_gmt":"2024-11-30T23:18:29","guid":{"rendered":"https:\/\/www.printings-n.com\/produit\/carnet-de-notes-a5-en-kraft-recycle-a5recycledkraftnotebook\/"},"modified":"2024-11-30T23:18:29","modified_gmt":"2024-11-30T23:18:29","slug":"a5-notizbuch-aus-recyceltem-kraftpapier-a5recycledkraftnotebook","status":"publish","type":"product","link":"https:\/\/www.printings-n.com\/de\/produkt\/a5-notizbuch-aus-recyceltem-kraftpapier-a5recycledkraftnotebook\/","title":{"rendered":"A5-Notizbuch aus recyceltem Kraftpapier"},"content":{"rendered":"<p>Le Carnet de notes A5 en kraft recycl\u00e9 de [site_name] est le complement d&#039;\u00e9criture parfait respectueux de l&#039;environnement. La couverture kraft a un aspect subtil et naturel qui permet \u00e0 l&#039;impression que vous avez choisie de ressortir ! Il compte 144 pages au total, compos\u00e9es de 72 feuilles lign\u00e9es recycl\u00e9es de couleur cr\u00e8me qui ne demandent qu&#039;\u00e0 \u00eatre remplies avec vos pens\u00e9es et vos id\u00e9es. Choisissez la couleur de la bande \u00e9lastique qui maintient vos notes en s\u00e9curit\u00e9, et le ruban assorti vous permet de ne jamais s&#039;y perdre. Personnalisez et commandez vos carnets personnalis\u00e9s !<\/p>\n","protected":false},"excerpt":{"rendered":"<p>Le Carnet de notes A5 en kraft recycl\u00e9 de [site_name] est le complement d&#039;\u00e9criture parfait respectueux de l&#039;environnement. La couverture kraft a un aspect subtil et naturel qui permet \u00e0 l&#039;impression que vous avez choisie de ressortir ! Il compte 144 pages au total, compos\u00e9es de 72 feuilles lign\u00e9es recycl\u00e9es de couleur cr\u00e8me qui ne [&hellip;]<\/p>\n","protected":false},"featured_media":3640,"comment_status":"open","ping_status":"closed","template":"","meta":[],"product_brand":[],"product_cat":[88],"product_tag":[],"class_list":{"0":"post-3639","1":"product","2":"type-product","3":"status-publish","4":"has-post-thumbnail","6":"product_cat-carnets-cahiers","8":"first","9":"instock","10":"taxable","11":"shipping-taxable","12":"product-type-simple"},"_links":{"self":[{"href":"https:\/\/www.printings-n.com\/de\/wp-json\/wp\/v2\/product\/3639","targetHints":{"allow":["GET"]}}],"collection":[{"href":"https:\/\/www.printings-n.com\/de\/wp-json\/wp\/v2\/product"}],"about":[{"href":"https:\/\/www.printings-n.com\/de\/wp-json\/wp\/v2\/types\/product"}],"replies":[{"embeddable":true,"href":"https:\/\/www.printings-n.com\/de\/wp-json\/wp\/v2\/comments?post=3639"}],"wp:featuredmedia":[{"embeddable":true,"href":"https:\/\/www.printings-n.com\/de\/wp-json\/wp\/v2\/media\/3640"}],"wp:attachment":[{"href":"https:\/\/www.printings-n.com\/de\/wp-json\/wp\/v2\/media?parent=3639"}],"wp:term":[{"taxonomy":"product_brand","embeddable":true,"href":"https:\/\/www.printings-n.com\/de\/wp-json\/wp\/v2\/product_brand?post=3639"},{"taxonomy":"product_cat","embeddable":true,"href":"https:\/\/www.printings-n.com\/de\/wp-json\/wp\/v2\/product_cat?post=3639"},{"taxonomy":"product_tag","embeddable":true,"href":"https:\/\/www.printings-n.com\/de\/wp-json\/wp\/v2\/product_tag?post=3639"}],"curies":[{"name":"wp","href":"https:\/\/api.w.org\/{rel}","templated":true}]}}