{"id":3636,"date":"2024-11-30T23:18:25","date_gmt":"2024-11-30T23:18:25","guid":{"rendered":"https:\/\/www.printings-n.com\/produit\/carnet-a5-standard-a-couverture-souple-a5standardsoftcovernotebook\/"},"modified":"2024-11-30T23:18:26","modified_gmt":"2024-11-30T23:18:26","slug":"a5-standard-softcover-notizbuch-a5standardsoftcovernotebook","status":"publish","type":"product","link":"https:\/\/www.printings-n.com\/de\/produkt\/a5-standard-softcover-notizbuch-a5standardsoftcovernotebook\/","title":{"rendered":"A5 Standard-Notizbuch mit weichem Einband"},"content":{"rendered":"<p>Entdecken Sie die perfekte Mischung aus Stil und Praktikabilit\u00e4t mit diesem standardm\u00e4\u00dfigen A5-Notizbuch mit Softcover. Gestalten Sie den Einband individuell, um ihn einzigartig zu machen, oder f\u00fcgen Sie Ihr Firmenlogo hinzu. Mit 92 linierten Seiten aus 80 g Cremepapier ist dieses Notizbuch perfekt f\u00fcr all Ihre Notizen!<\/p>","protected":false},"excerpt":{"rendered":"<p>Entdecken Sie die perfekte Mischung aus Stil und Praktikabilit\u00e4t mit diesem standardm\u00e4\u00dfigen A5-Notizbuch mit Softcover. Gestalten Sie den Einband individuell, um ihn einzigartig zu machen, oder f\u00fcgen Sie Ihr Firmenlogo hinzu. Mit 92 linierten Seiten aus 80 g Cremepapier ist dieses Notizbuch perfekt f\u00fcr all Ihre Notizen!<\/p>","protected":false},"featured_media":3638,"comment_status":"open","ping_status":"closed","template":"","meta":[],"product_brand":[],"product_cat":[88],"product_tag":[],"class_list":{"0":"post-3636","1":"product","2":"type-product","3":"status-publish","4":"has-post-thumbnail","6":"product_cat-carnets-cahiers","8":"first","9":"instock","10":"taxable","11":"shipping-taxable","12":"product-type-simple"},"_links":{"self":[{"href":"https:\/\/www.printings-n.com\/de\/wp-json\/wp\/v2\/product\/3636","targetHints":{"allow":["GET"]}}],"collection":[{"href":"https:\/\/www.printings-n.com\/de\/wp-json\/wp\/v2\/product"}],"about":[{"href":"https:\/\/www.printings-n.com\/de\/wp-json\/wp\/v2\/types\/product"}],"replies":[{"embeddable":true,"href":"https:\/\/www.printings-n.com\/de\/wp-json\/wp\/v2\/comments?post=3636"}],"wp:featuredmedia":[{"embeddable":true,"href":"https:\/\/www.printings-n.com\/de\/wp-json\/wp\/v2\/media\/3638"}],"wp:attachment":[{"href":"https:\/\/www.printings-n.com\/de\/wp-json\/wp\/v2\/media?parent=3636"}],"wp:term":[{"taxonomy":"product_brand","embeddable":true,"href":"https:\/\/www.printings-n.com\/de\/wp-json\/wp\/v2\/product_brand?post=3636"},{"taxonomy":"product_cat","embeddable":true,"href":"https:\/\/www.printings-n.com\/de\/wp-json\/wp\/v2\/product_cat?post=3636"},{"taxonomy":"product_tag","embeddable":true,"href":"https:\/\/www.printings-n.com\/de\/wp-json\/wp\/v2\/product_tag?post=3636"}],"curies":[{"name":"wp","href":"https:\/\/api.w.org\/{rel}","templated":true}]}}