{"id":3627,"date":"2024-11-30T23:18:07","date_gmt":"2024-11-30T23:18:07","guid":{"rendered":"https:\/\/www.printings-n.com\/produit\/bloc-notes-a5-en-herbe-a-elephant-a-reliure-spirale-wireonotepadselephantgrass\/"},"modified":"2024-11-30T23:18:08","modified_gmt":"2024-11-30T23:18:08","slug":"notizblock-a5-aus-gras-mit-elefant-mit-spiralbindung-wireonotepadselephantgrass","status":"publish","type":"product","link":"https:\/\/www.printings-n.com\/de\/produkt\/notizblock-a5-aus-gras-mit-elefant-mit-spiralbindung-wireonotepadselephantgrass\/","title":{"rendered":"A5-Notizblock aus Elefantengras mit Spiralbindung"},"content":{"rendered":"<p>Einzigartig, praktisch, nachhaltig und preiswert - unser Notizblock aus Elefantengraspapier hat alles, was man sich w\u00fcnschen kann. Elefantengraspapier, auch bekannt als Miscanthus, wird auf marginalen Fl\u00e4chen angebaut, verwendet keine chemischen Behandlungen, braucht nur eine minimale Menge Wasser und absorbiert viermal mehr CO2 als ein Baum! Das Notizbuch im A5-Format l\u00e4sst sich leicht \u00fcberall hin mitnehmen oder verschenken. Jedes Notizbuch hat 100 Seiten, einschlie\u00dflich des Einbands. Bestellen Sie Ihr eigenes jetzt!<\/p>","protected":false},"excerpt":{"rendered":"<p>Unique, pratique, durable et pas cher, notre bloc-notes en papier d&#039;herbe d&#039;\u00e9l\u00e9phant a tout pour plaire. Le papier d\u2019herbe \u00e0 \u00e9l\u00e9phant, aussi connu comme Miscanthus, est cultiv\u00e9 sur des terres marginales, n&#039;utilise pas de traitement chimique, a besoin d&#039;une quantit\u00e9 minimale d&#039;eau et absorbe 4 fois plus de CO2 qu&#039;un arbre ! Le carnet au [&hellip;]<\/p>\n","protected":false},"featured_media":3628,"comment_status":"open","ping_status":"closed","template":"","meta":[],"product_brand":[],"product_cat":[88],"product_tag":[],"class_list":{"0":"post-3627","1":"product","2":"type-product","3":"status-publish","4":"has-post-thumbnail","6":"product_cat-carnets-cahiers","8":"first","9":"instock","10":"taxable","11":"shipping-taxable","12":"product-type-simple"},"_links":{"self":[{"href":"https:\/\/www.printings-n.com\/de\/wp-json\/wp\/v2\/product\/3627","targetHints":{"allow":["GET"]}}],"collection":[{"href":"https:\/\/www.printings-n.com\/de\/wp-json\/wp\/v2\/product"}],"about":[{"href":"https:\/\/www.printings-n.com\/de\/wp-json\/wp\/v2\/types\/product"}],"replies":[{"embeddable":true,"href":"https:\/\/www.printings-n.com\/de\/wp-json\/wp\/v2\/comments?post=3627"}],"wp:featuredmedia":[{"embeddable":true,"href":"https:\/\/www.printings-n.com\/de\/wp-json\/wp\/v2\/media\/3628"}],"wp:attachment":[{"href":"https:\/\/www.printings-n.com\/de\/wp-json\/wp\/v2\/media?parent=3627"}],"wp:term":[{"taxonomy":"product_brand","embeddable":true,"href":"https:\/\/www.printings-n.com\/de\/wp-json\/wp\/v2\/product_brand?post=3627"},{"taxonomy":"product_cat","embeddable":true,"href":"https:\/\/www.printings-n.com\/de\/wp-json\/wp\/v2\/product_cat?post=3627"},{"taxonomy":"product_tag","embeddable":true,"href":"https:\/\/www.printings-n.com\/de\/wp-json\/wp\/v2\/product_tag?post=3627"}],"curies":[{"name":"wp","href":"https:\/\/api.w.org\/{rel}","templated":true}]}}