{"id":3619,"date":"2024-11-30T23:17:46","date_gmt":"2024-11-30T23:17:46","guid":{"rendered":"https:\/\/www.printings-n.com\/produit\/carnet-de-notes-en-herbe-a-elephant-notebookselephantgrass\/"},"modified":"2024-11-30T23:17:47","modified_gmt":"2024-11-30T23:17:47","slug":"herbstliches-notizbuch-a-elephant-notebookselephantgrass","status":"publish","type":"product","link":"https:\/\/www.printings-n.com\/de\/produkt\/herbstliches-notizbuch-a-elephant-notebookselephantgrass\/","title":{"rendered":"Notizbuch in Elefantengras"},"content":{"rendered":"<p>Suchst du nach einem Produkt, das sowohl nachhaltig als auch praktisch ist? Unser Notizbuch aus Elefantengraspapier ist die perfekte L\u00f6sung! Papier aus Elefantengras, auch bekannt als Miscanthus, wird nicht chemisch behandelt, ben\u00f6tigt wenig Wasser und absorbiert viermal mehr CO2 als ein Baum! Dank des A5-Formats l\u00e4sst sich das Buch leicht transportieren oder verschenken. Jedes Notizbuch enth\u00e4lt 100 Seiten, einschlie\u00dflich des Einbands. Z\u00f6gern Sie nicht und bestellen Sie Ihr Notizbuch jetzt!<\/p>","protected":false},"excerpt":{"rendered":"<p>Vous recherchez un produit \u00e0 la fois durable et pratique ? Notre carnet de notes en papier d&#039;herbe d&#039;\u00e9l\u00e9phant est la solution parfaite ! Le papier \u00e0 base d&#039;herbe d&#039;\u00e9l\u00e9phant, aussi connu comme Miscanthus, n&#039;utilise pas de traitement chimique, n\u00e9cessite peu d&#039;eau et absorbe 4 fois plus de CO2 qu&#039;un arbre ! Le format A5 [&hellip;]<\/p>\n","protected":false},"featured_media":3620,"comment_status":"open","ping_status":"closed","template":"","meta":[],"product_brand":[],"product_cat":[88],"product_tag":[],"class_list":{"0":"post-3619","1":"product","2":"type-product","3":"status-publish","4":"has-post-thumbnail","6":"product_cat-carnets-cahiers","8":"first","9":"instock","10":"taxable","11":"shipping-taxable","12":"product-type-simple"},"_links":{"self":[{"href":"https:\/\/www.printings-n.com\/de\/wp-json\/wp\/v2\/product\/3619","targetHints":{"allow":["GET"]}}],"collection":[{"href":"https:\/\/www.printings-n.com\/de\/wp-json\/wp\/v2\/product"}],"about":[{"href":"https:\/\/www.printings-n.com\/de\/wp-json\/wp\/v2\/types\/product"}],"replies":[{"embeddable":true,"href":"https:\/\/www.printings-n.com\/de\/wp-json\/wp\/v2\/comments?post=3619"}],"wp:featuredmedia":[{"embeddable":true,"href":"https:\/\/www.printings-n.com\/de\/wp-json\/wp\/v2\/media\/3620"}],"wp:attachment":[{"href":"https:\/\/www.printings-n.com\/de\/wp-json\/wp\/v2\/media?parent=3619"}],"wp:term":[{"taxonomy":"product_brand","embeddable":true,"href":"https:\/\/www.printings-n.com\/de\/wp-json\/wp\/v2\/product_brand?post=3619"},{"taxonomy":"product_cat","embeddable":true,"href":"https:\/\/www.printings-n.com\/de\/wp-json\/wp\/v2\/product_cat?post=3619"},{"taxonomy":"product_tag","embeddable":true,"href":"https:\/\/www.printings-n.com\/de\/wp-json\/wp\/v2\/product_tag?post=3619"}],"curies":[{"name":"wp","href":"https:\/\/api.w.org\/{rel}","templated":true}]}}