{"id":3610,"date":"2024-11-30T23:17:25","date_gmt":"2024-11-30T23:17:25","guid":{"rendered":"https:\/\/www.printings-n.com\/produit\/agenda-4-langues-euromaxdiary4languages\/"},"modified":"2024-11-30T23:17:25","modified_gmt":"2024-11-30T23:17:25","slug":"agenda-4-languages-euromaxdiary4languages","status":"publish","type":"product","link":"https:\/\/www.printings-n.com\/de\/produkt\/agenda-4-languages-euromaxdiary4languages\/","title":{"rendered":"Terminplaner A4 Balacron 4 Sprachen"},"content":{"rendered":"<p>Ein perfekter Begleiter f\u00fcr das B\u00fcro! Dieser viersprachige Terminplaner umfasst die Sprachen Englisch, Niederl\u00e4ndisch, Franz\u00f6sisch und Deutsch. Der gepolsterte Einband ist mit der Jahreszahl gepr\u00e4gt. Genie\u00dfen Sie die Wochenansicht auf zwei Seiten, die Planungen f\u00fcr das laufende und das n\u00e4chste Jahr sowie zus\u00e4tzliche n\u00fctzliche Informationen. Gro\u00df genug, um alle Ihre wichtigen Pl\u00e4ne zu notieren.<\/p>","protected":false},"excerpt":{"rendered":"<p>Un compagnon parfait pour le bureau ! Cet agenda en quatre langues comprend l&#039;anglais, le n\u00e9erlandais, le fran\u00e7ais et l&#039;allemand. La couverture rembourr\u00e9e est emboss\u00e9e avec l&#039;ann\u00e9e. Profitez de la vue hebdomadaire sur deux pages, des plannings pour l&#039;ann\u00e9e en cours et la suivante, ainsi que des informations utiles suppl\u00e9mentaires. Assez grand pour noter tous [&hellip;]<\/p>\n","protected":false},"featured_media":3611,"comment_status":"open","ping_status":"closed","template":"","meta":[],"product_brand":[],"product_cat":[88],"product_tag":[],"class_list":{"0":"post-3610","1":"product","2":"type-product","3":"status-publish","4":"has-post-thumbnail","6":"product_cat-carnets-cahiers","8":"first","9":"instock","10":"taxable","11":"shipping-taxable","12":"product-type-simple"},"_links":{"self":[{"href":"https:\/\/www.printings-n.com\/de\/wp-json\/wp\/v2\/product\/3610","targetHints":{"allow":["GET"]}}],"collection":[{"href":"https:\/\/www.printings-n.com\/de\/wp-json\/wp\/v2\/product"}],"about":[{"href":"https:\/\/www.printings-n.com\/de\/wp-json\/wp\/v2\/types\/product"}],"replies":[{"embeddable":true,"href":"https:\/\/www.printings-n.com\/de\/wp-json\/wp\/v2\/comments?post=3610"}],"wp:featuredmedia":[{"embeddable":true,"href":"https:\/\/www.printings-n.com\/de\/wp-json\/wp\/v2\/media\/3611"}],"wp:attachment":[{"href":"https:\/\/www.printings-n.com\/de\/wp-json\/wp\/v2\/media?parent=3610"}],"wp:term":[{"taxonomy":"product_brand","embeddable":true,"href":"https:\/\/www.printings-n.com\/de\/wp-json\/wp\/v2\/product_brand?post=3610"},{"taxonomy":"product_cat","embeddable":true,"href":"https:\/\/www.printings-n.com\/de\/wp-json\/wp\/v2\/product_cat?post=3610"},{"taxonomy":"product_tag","embeddable":true,"href":"https:\/\/www.printings-n.com\/de\/wp-json\/wp\/v2\/product_tag?post=3610"}],"curies":[{"name":"wp","href":"https:\/\/api.w.org\/{rel}","templated":true}]}}