{"id":3577,"date":"2024-11-30T23:14:39","date_gmt":"2024-11-30T23:14:39","guid":{"rendered":"https:\/\/www.printings-n.com\/produit\/polo-classique-bc-bandcmypolo2105pu426u\/"},"modified":"2024-11-30T23:14:41","modified_gmt":"2024-11-30T23:14:41","slug":"klassisches-poloshirt-bc-bandcmypolo2105pu426u","status":"publish","type":"product","link":"https:\/\/www.printings-n.com\/de\/produkt\/klassisches-poloshirt-bc-bandcmypolo2105pu426u\/","title":{"rendered":"Klassisches Poloshirt B&amp;C"},"content":{"rendered":"<p>Wenn du nach einem bequemen Polohemd suchst, das den Test der Zeit besteht, dann suche nicht weiter als unser Polo 210. Mit seinem hochwertigen, weichen und dichten Piqu\u00e9-Stoff sorgt es f\u00fcr \u00fcberragenden Komfort und eine lange Haltbarkeit. Das Verst\u00e4rkungsband an der Schulternaht und das hochwertige Fischgr\u00e4tenband am Hals und an den Seitenschlitzen sorgen f\u00fcr zus\u00e4tzlichen Komfort. Das Design mit geripptem 1\u00d71-Kragen bleibt auch nach wiederholtem Tragen intakt. F\u00fcr einen modernen und subtilen Abschluss sind die Ton-in-Ton-Kn\u00f6pfe die perfekte Wahl. Ob Sie es aus der N\u00e4he oder aus der Ferne betrachten, Sie werden nicht entt\u00e4uscht sein. Es ist ein modernes und zeitloses Essential, das eine gro\u00dfartige Erg\u00e4nzung zu Ihrer Garderobe sein wird!<\/p>","protected":false},"excerpt":{"rendered":"<p>Si vous recherchez un polo confortable qui r\u00e9sistera \u00e0 l&#039;\u00e9preuve du temps, ne cherchez pas plus loin que notre Polo 210. Avec son tissu piqu\u00e9 doux et dense de haute qualit\u00e9, il assure un confort sup\u00e9rieur et une durabilit\u00e9 \u00e0 toute \u00e9preuve. La bande de renfort au niveau de la couture des \u00e9paules et le [&hellip;]<\/p>\n","protected":false},"featured_media":3578,"comment_status":"open","ping_status":"closed","template":"","meta":[],"product_brand":[],"product_cat":[86],"product_tag":[],"class_list":{"0":"post-3577","1":"product","2":"type-product","3":"status-publish","4":"has-post-thumbnail","6":"product_cat-chemises-polo","8":"first","9":"instock","10":"taxable","11":"shipping-taxable","12":"product-type-simple"},"_links":{"self":[{"href":"https:\/\/www.printings-n.com\/de\/wp-json\/wp\/v2\/product\/3577","targetHints":{"allow":["GET"]}}],"collection":[{"href":"https:\/\/www.printings-n.com\/de\/wp-json\/wp\/v2\/product"}],"about":[{"href":"https:\/\/www.printings-n.com\/de\/wp-json\/wp\/v2\/types\/product"}],"replies":[{"embeddable":true,"href":"https:\/\/www.printings-n.com\/de\/wp-json\/wp\/v2\/comments?post=3577"}],"wp:featuredmedia":[{"embeddable":true,"href":"https:\/\/www.printings-n.com\/de\/wp-json\/wp\/v2\/media\/3578"}],"wp:attachment":[{"href":"https:\/\/www.printings-n.com\/de\/wp-json\/wp\/v2\/media?parent=3577"}],"wp:term":[{"taxonomy":"product_brand","embeddable":true,"href":"https:\/\/www.printings-n.com\/de\/wp-json\/wp\/v2\/product_brand?post=3577"},{"taxonomy":"product_cat","embeddable":true,"href":"https:\/\/www.printings-n.com\/de\/wp-json\/wp\/v2\/product_cat?post=3577"},{"taxonomy":"product_tag","embeddable":true,"href":"https:\/\/www.printings-n.com\/de\/wp-json\/wp\/v2\/product_tag?post=3577"}],"curies":[{"name":"wp","href":"https:\/\/api.w.org\/{rel}","templated":true}]}}