{"id":3562,"date":"2024-11-30T23:14:11","date_gmt":"2024-11-30T23:14:11","guid":{"rendered":"https:\/\/www.printings-n.com\/produit\/polo-a-manches-longues-sols-poloslongsleevesbasicsols\/"},"modified":"2024-11-30T23:14:12","modified_gmt":"2024-11-30T23:14:12","slug":"poloshirt-mit-langen-armeln-boden-poloslongsleevesbasicsols","status":"publish","type":"product","link":"https:\/\/www.printings-n.com\/de\/produkt\/poloshirt-mit-langen-armeln-boden-poloslongsleevesbasicsols\/","title":{"rendered":"Sol's lang\u00e4rmeliges Polo-Shirt"},"content":{"rendered":"<p>Le Polo \u00e0 manches longues Sol&#039;s de [site_name] est une pi\u00e8ce incontournable ! Choisissez l&#039;une de nos couleurs de polo classiques et profitez de la chaleur et du confort qu&#039;offre la mati\u00e8re 100 % coton. Ces polos \u00e0 manches longues sont unisexes et disponibles des tailles S \u00e0 XXL, afin que tous les membres de l&#039;\u00e9quipe se sentent unis dans leurs polos personnalis\u00e9s assortis ! Parfaits pour tous les \u00e9v\u00e9nements !<\/p>\n","protected":false},"excerpt":{"rendered":"<p>Le Polo \u00e0 manches longues Sol&#039;s de [site_name] est une pi\u00e8ce incontournable ! Choisissez l&#039;une de nos couleurs de polo classiques et profitez de la chaleur et du confort qu&#039;offre la mati\u00e8re 100 % coton. Ces polos \u00e0 manches longues sont unisexes et disponibles des tailles S \u00e0 XXL, afin que tous les membres de [&hellip;]<\/p>\n","protected":false},"featured_media":3564,"comment_status":"open","ping_status":"closed","template":"","meta":[],"product_brand":[],"product_cat":[86],"product_tag":[],"class_list":{"0":"post-3562","1":"product","2":"type-product","3":"status-publish","4":"has-post-thumbnail","6":"product_cat-chemises-polo","8":"first","9":"instock","10":"taxable","11":"shipping-taxable","12":"product-type-simple"},"_links":{"self":[{"href":"https:\/\/www.printings-n.com\/de\/wp-json\/wp\/v2\/product\/3562","targetHints":{"allow":["GET"]}}],"collection":[{"href":"https:\/\/www.printings-n.com\/de\/wp-json\/wp\/v2\/product"}],"about":[{"href":"https:\/\/www.printings-n.com\/de\/wp-json\/wp\/v2\/types\/product"}],"replies":[{"embeddable":true,"href":"https:\/\/www.printings-n.com\/de\/wp-json\/wp\/v2\/comments?post=3562"}],"wp:featuredmedia":[{"embeddable":true,"href":"https:\/\/www.printings-n.com\/de\/wp-json\/wp\/v2\/media\/3564"}],"wp:attachment":[{"href":"https:\/\/www.printings-n.com\/de\/wp-json\/wp\/v2\/media?parent=3562"}],"wp:term":[{"taxonomy":"product_brand","embeddable":true,"href":"https:\/\/www.printings-n.com\/de\/wp-json\/wp\/v2\/product_brand?post=3562"},{"taxonomy":"product_cat","embeddable":true,"href":"https:\/\/www.printings-n.com\/de\/wp-json\/wp\/v2\/product_cat?post=3562"},{"taxonomy":"product_tag","embeddable":true,"href":"https:\/\/www.printings-n.com\/de\/wp-json\/wp\/v2\/product_tag?post=3562"}],"curies":[{"name":"wp","href":"https:\/\/api.w.org\/{rel}","templated":true}]}}