{"id":3549,"date":"2024-11-30T23:13:39","date_gmt":"2024-11-30T23:13:39","guid":{"rendered":"https:\/\/www.printings-n.com\/produit\/polo-classique-durable-sols-poloplanet170gsm\/"},"modified":"2024-11-30T23:13:41","modified_gmt":"2024-11-30T23:13:41","slug":"klassisches-polohemd-dauerhafte-boden-poloplanet170gsm","status":"publish","type":"product","link":"https:\/\/www.printings-n.com\/de\/produkt\/klassisches-polohemd-dauerhafte-boden-poloplanet170gsm\/","title":{"rendered":"Sol's nachhaltiges klassisches Poloshirt"},"content":{"rendered":"[site_name] Polo classique durable Sol&#039;s est un \u00e9l\u00e9ment essentiel de la garde-robe de l&#039;acheteur conscient. Disponible en tailles homme et femme, ce polo est compos\u00e9 \u00e0 100 % de coton biologique issu de sources responsables. Non seulement vous serez \u00e0 l&#039;aise dans cette option durable, mais vous jouerez \u00e9galement un r\u00f4le dans la protection de l&#039;environnement et la promotion de pratiques de mode \u00e9thiques. Avec une coupe confortable et des tailles allant de S \u00e0 XXL, vous \u00eates s\u00fbr de trouver la taille id\u00e9ale.<\/p>\n","protected":false},"excerpt":{"rendered":"<p>[site_name] Polo classique durable Sol&#039;s est un \u00e9l\u00e9ment essentiel de la garde-robe de l&#039;acheteur conscient. Disponible en tailles homme et femme, ce polo est compos\u00e9 \u00e0 100 % de coton biologique issu de sources responsables. Non seulement vous serez \u00e0 l&#039;aise dans cette option durable, mais vous jouerez \u00e9galement un r\u00f4le dans la protection de [&hellip;]<\/p>\n","protected":false},"featured_media":3550,"comment_status":"open","ping_status":"closed","template":"","meta":[],"product_brand":[],"product_cat":[86],"product_tag":[],"class_list":{"0":"post-3549","1":"product","2":"type-product","3":"status-publish","4":"has-post-thumbnail","6":"product_cat-chemises-polo","8":"first","9":"instock","10":"taxable","11":"shipping-taxable","12":"product-type-simple"},"_links":{"self":[{"href":"https:\/\/www.printings-n.com\/de\/wp-json\/wp\/v2\/product\/3549","targetHints":{"allow":["GET"]}}],"collection":[{"href":"https:\/\/www.printings-n.com\/de\/wp-json\/wp\/v2\/product"}],"about":[{"href":"https:\/\/www.printings-n.com\/de\/wp-json\/wp\/v2\/types\/product"}],"replies":[{"embeddable":true,"href":"https:\/\/www.printings-n.com\/de\/wp-json\/wp\/v2\/comments?post=3549"}],"wp:featuredmedia":[{"embeddable":true,"href":"https:\/\/www.printings-n.com\/de\/wp-json\/wp\/v2\/media\/3550"}],"wp:attachment":[{"href":"https:\/\/www.printings-n.com\/de\/wp-json\/wp\/v2\/media?parent=3549"}],"wp:term":[{"taxonomy":"product_brand","embeddable":true,"href":"https:\/\/www.printings-n.com\/de\/wp-json\/wp\/v2\/product_brand?post=3549"},{"taxonomy":"product_cat","embeddable":true,"href":"https:\/\/www.printings-n.com\/de\/wp-json\/wp\/v2\/product_cat?post=3549"},{"taxonomy":"product_tag","embeddable":true,"href":"https:\/\/www.printings-n.com\/de\/wp-json\/wp\/v2\/product_tag?post=3549"}],"curies":[{"name":"wp","href":"https:\/\/api.w.org\/{rel}","templated":true}]}}