{"id":3547,"date":"2024-11-30T23:13:33","date_gmt":"2024-11-30T23:13:33","guid":{"rendered":"https:\/\/www.printings-n.com\/produit\/polo-basique-slim-sols-poloperfect180gsm\/"},"modified":"2024-11-30T23:13:35","modified_gmt":"2024-11-30T23:13:35","slug":"polo-basique-slim-sols-poloperfect180gsm","status":"publish","type":"product","link":"https:\/\/www.printings-n.com\/de\/produkt\/polo-basique-slim-sols-poloperfect180gsm\/","title":{"rendered":"Sol's Slim Basic Polo"},"content":{"rendered":"<p>Am\u00e9liorez votre style avec ce polo \u00e9l\u00e9gant \u00e0 la coupe ajust\u00e9e ! Fabriqu\u00e9 en 100 % coton, ce polo est \u00e0 la fois doux pour la peau et respirant pour les \u00e9v\u00e9nements par temps chaud. Avec son style classique, il convient \u00e0 toutes les occasions et ne manquera pas de faire tourner les t\u00eates lorsqu&#039;il sera personnalis\u00e9 avec le logo de votre entreprise ou un motif unique.<\/p>","protected":false},"excerpt":{"rendered":"<p>Am\u00e9liorez votre style avec ce polo \u00e9l\u00e9gant \u00e0 la coupe ajust\u00e9e ! Fabriqu\u00e9 en 100 % coton, ce polo est \u00e0 la fois doux pour la peau et respirant pour les \u00e9v\u00e9nements par temps chaud. Avec son style classique, il convient \u00e0 toutes les occasions et ne manquera pas de faire tourner les t\u00eates lorsqu&#039;il [&hellip;]<\/p>\n","protected":false},"featured_media":3548,"comment_status":"open","ping_status":"closed","template":"","meta":[],"product_brand":[],"product_cat":[86],"product_tag":[],"class_list":{"0":"post-3547","1":"product","2":"type-product","3":"status-publish","4":"has-post-thumbnail","6":"product_cat-chemises-polo","8":"first","9":"instock","10":"taxable","11":"shipping-taxable","12":"product-type-simple"},"_links":{"self":[{"href":"https:\/\/www.printings-n.com\/de\/wp-json\/wp\/v2\/product\/3547","targetHints":{"allow":["GET"]}}],"collection":[{"href":"https:\/\/www.printings-n.com\/de\/wp-json\/wp\/v2\/product"}],"about":[{"href":"https:\/\/www.printings-n.com\/de\/wp-json\/wp\/v2\/types\/product"}],"replies":[{"embeddable":true,"href":"https:\/\/www.printings-n.com\/de\/wp-json\/wp\/v2\/comments?post=3547"}],"wp:featuredmedia":[{"embeddable":true,"href":"https:\/\/www.printings-n.com\/de\/wp-json\/wp\/v2\/media\/3548"}],"wp:attachment":[{"href":"https:\/\/www.printings-n.com\/de\/wp-json\/wp\/v2\/media?parent=3547"}],"wp:term":[{"taxonomy":"product_brand","embeddable":true,"href":"https:\/\/www.printings-n.com\/de\/wp-json\/wp\/v2\/product_brand?post=3547"},{"taxonomy":"product_cat","embeddable":true,"href":"https:\/\/www.printings-n.com\/de\/wp-json\/wp\/v2\/product_cat?post=3547"},{"taxonomy":"product_tag","embeddable":true,"href":"https:\/\/www.printings-n.com\/de\/wp-json\/wp\/v2\/product_tag?post=3547"}],"curies":[{"name":"wp","href":"https:\/\/api.w.org\/{rel}","templated":true}]}}