{"id":3545,"date":"2024-11-30T23:13:27","date_gmt":"2024-11-30T23:13:27","guid":{"rendered":"https:\/\/www.printings-n.com\/produit\/polo-a-manches-courtes-budget-bc-polomy180gsm\/"},"modified":"2024-11-30T23:13:30","modified_gmt":"2024-11-30T23:13:30","slug":"kurzarmeliges-poloshirt-budget-bc-polomy180gsm","status":"publish","type":"product","link":"https:\/\/www.printings-n.com\/de\/produkt\/kurzarmeliges-poloshirt-budget-bc-polomy180gsm\/","title":{"rendered":"Kurz\u00e4rmeliges Poloshirt Budget B&amp;C"},"content":{"rendered":"<p>Peppen Sie Ihre Garderobe mit diesem kurz\u00e4rmeligen Basic-Poloshirt auf! Dieses Poloshirt aus 100% gesponnener Baumwolle hat einen gerippten Kragen und ein klassisches Design mit zwei Kn\u00f6pfen. Erh\u00e4ltlich in einer gro\u00dfen Auswahl an Farben und in 5 Gr\u00f6\u00dfen. Bestellen Sie diese Poloshirts mit dem besten Preis-Leistungs-Verh\u00e4ltnis und personalisieren Sie sie mit Ihrem Logo oder Design!<\/p>","protected":false},"excerpt":{"rendered":"<p>Donnez un coup de peps \u00e0 votre garde-robe avec ce polo basique \u00e0 manches courtes ! Fabriqu\u00e9 en 100% coton fil\u00e9, ce polo pr\u00e9sente un col c\u00f4tel\u00e9 et un design classique \u00e0 deux boutons. Disponible dans un large choix de couleurs et en 5 tailles. Commandez ces polos avec le meilleur rapport qualit\u00e9-prix et personnalisez [&hellip;]<\/p>\n","protected":false},"featured_media":3546,"comment_status":"open","ping_status":"closed","template":"","meta":[],"product_brand":[],"product_cat":[86],"product_tag":[],"class_list":{"0":"post-3545","1":"product","2":"type-product","3":"status-publish","4":"has-post-thumbnail","6":"product_cat-chemises-polo","8":"first","9":"instock","10":"taxable","11":"shipping-taxable","12":"product-type-simple"},"_links":{"self":[{"href":"https:\/\/www.printings-n.com\/de\/wp-json\/wp\/v2\/product\/3545","targetHints":{"allow":["GET"]}}],"collection":[{"href":"https:\/\/www.printings-n.com\/de\/wp-json\/wp\/v2\/product"}],"about":[{"href":"https:\/\/www.printings-n.com\/de\/wp-json\/wp\/v2\/types\/product"}],"replies":[{"embeddable":true,"href":"https:\/\/www.printings-n.com\/de\/wp-json\/wp\/v2\/comments?post=3545"}],"wp:featuredmedia":[{"embeddable":true,"href":"https:\/\/www.printings-n.com\/de\/wp-json\/wp\/v2\/media\/3546"}],"wp:attachment":[{"href":"https:\/\/www.printings-n.com\/de\/wp-json\/wp\/v2\/media?parent=3545"}],"wp:term":[{"taxonomy":"product_brand","embeddable":true,"href":"https:\/\/www.printings-n.com\/de\/wp-json\/wp\/v2\/product_brand?post=3545"},{"taxonomy":"product_cat","embeddable":true,"href":"https:\/\/www.printings-n.com\/de\/wp-json\/wp\/v2\/product_cat?post=3545"},{"taxonomy":"product_tag","embeddable":true,"href":"https:\/\/www.printings-n.com\/de\/wp-json\/wp\/v2\/product_tag?post=3545"}],"curies":[{"name":"wp","href":"https:\/\/api.w.org\/{rel}","templated":true}]}}