{"id":3543,"date":"2024-11-30T23:13:23","date_gmt":"2024-11-30T23:13:23","guid":{"rendered":"https:\/\/www.printings-n.com\/produit\/polo-a-manches-courtes-durable-bc-poloinspire170gsm\/"},"modified":"2024-11-30T23:13:24","modified_gmt":"2024-11-30T23:13:24","slug":"langlebiges-kurzarmeliges-poloshirt-bc-poloinspire170gsm","status":"publish","type":"product","link":"https:\/\/www.printings-n.com\/de\/produkt\/langlebiges-kurzarmeliges-poloshirt-bc-poloinspire170gsm\/","title":{"rendered":"Umweltfreundliches Poloshirt B&amp;C"},"content":{"rendered":"<p>Ihr neues Lieblingspolohemd aus 100% zertifizierter Bio-Baumwolle. Mit seinem modernen Schnitt ist dieses kurz\u00e4rmelige Poloshirt schlicht und eignet sich perfekt f\u00fcr den Alltag. Es ist die perfekte Oberfl\u00e4che, um die Botschaft jeder Marke zu transportieren. F\u00fcgen Sie einfach Ihr Design hinzu und schon sind Sie bereit f\u00fcr Ihre n\u00e4chste Veranstaltung oder Marketingkampagne!<\/p>","protected":false},"excerpt":{"rendered":"<p>Ihr neues Lieblingspolohemd aus 100% zertifizierter Bio-Baumwolle. Mit seinem modernen Schnitt ist dieses kurz\u00e4rmelige Poloshirt schlicht und eignet sich perfekt f\u00fcr den Alltag. Es ist die perfekte Oberfl\u00e4che, um die Botschaft jeder Marke zu transportieren. F\u00fcgen Sie einfach Ihr Design hinzu und schon sind Sie bereit f\u00fcr Ihre n\u00e4chste Veranstaltung oder Marketingkampagne!<\/p>","protected":false},"featured_media":3544,"comment_status":"open","ping_status":"closed","template":"","meta":[],"product_brand":[],"product_cat":[86],"product_tag":[],"class_list":{"0":"post-3543","1":"product","2":"type-product","3":"status-publish","4":"has-post-thumbnail","6":"product_cat-chemises-polo","8":"first","9":"instock","10":"taxable","11":"shipping-taxable","12":"product-type-simple"},"_links":{"self":[{"href":"https:\/\/www.printings-n.com\/de\/wp-json\/wp\/v2\/product\/3543","targetHints":{"allow":["GET"]}}],"collection":[{"href":"https:\/\/www.printings-n.com\/de\/wp-json\/wp\/v2\/product"}],"about":[{"href":"https:\/\/www.printings-n.com\/de\/wp-json\/wp\/v2\/types\/product"}],"replies":[{"embeddable":true,"href":"https:\/\/www.printings-n.com\/de\/wp-json\/wp\/v2\/comments?post=3543"}],"wp:featuredmedia":[{"embeddable":true,"href":"https:\/\/www.printings-n.com\/de\/wp-json\/wp\/v2\/media\/3544"}],"wp:attachment":[{"href":"https:\/\/www.printings-n.com\/de\/wp-json\/wp\/v2\/media?parent=3543"}],"wp:term":[{"taxonomy":"product_brand","embeddable":true,"href":"https:\/\/www.printings-n.com\/de\/wp-json\/wp\/v2\/product_brand?post=3543"},{"taxonomy":"product_cat","embeddable":true,"href":"https:\/\/www.printings-n.com\/de\/wp-json\/wp\/v2\/product_cat?post=3543"},{"taxonomy":"product_tag","embeddable":true,"href":"https:\/\/www.printings-n.com\/de\/wp-json\/wp\/v2\/product_tag?post=3543"}],"curies":[{"name":"wp","href":"https:\/\/api.w.org\/{rel}","templated":true}]}}