{"id":3414,"date":"2024-11-30T23:06:39","date_gmt":"2024-11-30T23:06:39","guid":{"rendered":"https:\/\/www.printings-n.com\/produit\/sweat-a-capuche-zippe-leger-hoodedsweatjacket240gsm\/"},"modified":"2024-11-30T23:06:39","modified_gmt":"2024-11-30T23:06:39","slug":"leichter-hooded-zip-hoodie-hoodedsweatjacket240gsm","status":"publish","type":"product","link":"https:\/\/www.printings-n.com\/de\/produkt\/leichter-hooded-zip-hoodie-hoodedsweatjacket240gsm\/","title":{"rendered":"Sweat \u00e0 capuche zipp\u00e9 l\u00e9ger [hoodedsweatjacket240gsm]"},"content":{"rendered":"","protected":false},"excerpt":{"rendered":"","protected":false},"featured_media":0,"comment_status":"open","ping_status":"closed","template":"","meta":[],"product_brand":[],"product_cat":[84],"product_tag":[],"class_list":{"0":"post-3414","1":"product","2":"type-product","3":"status-publish","5":"product_cat-sweatshirts-a-capuche-et-pulls","7":"first","8":"instock","9":"taxable","10":"shipping-taxable","11":"product-type-simple"},"_links":{"self":[{"href":"https:\/\/www.printings-n.com\/de\/wp-json\/wp\/v2\/product\/3414","targetHints":{"allow":["GET"]}}],"collection":[{"href":"https:\/\/www.printings-n.com\/de\/wp-json\/wp\/v2\/product"}],"about":[{"href":"https:\/\/www.printings-n.com\/de\/wp-json\/wp\/v2\/types\/product"}],"replies":[{"embeddable":true,"href":"https:\/\/www.printings-n.com\/de\/wp-json\/wp\/v2\/comments?post=3414"}],"wp:attachment":[{"href":"https:\/\/www.printings-n.com\/de\/wp-json\/wp\/v2\/media?parent=3414"}],"wp:term":[{"taxonomy":"product_brand","embeddable":true,"href":"https:\/\/www.printings-n.com\/de\/wp-json\/wp\/v2\/product_brand?post=3414"},{"taxonomy":"product_cat","embeddable":true,"href":"https:\/\/www.printings-n.com\/de\/wp-json\/wp\/v2\/product_cat?post=3414"},{"taxonomy":"product_tag","embeddable":true,"href":"https:\/\/www.printings-n.com\/de\/wp-json\/wp\/v2\/product_tag?post=3414"}],"curies":[{"name":"wp","href":"https:\/\/api.w.org\/{rel}","templated":true}]}}