{"id":3410,"date":"2024-11-30T23:06:27","date_gmt":"2024-11-30T23:06:27","guid":{"rendered":"https:\/\/www.printings-n.com\/produit\/sweat-a-capuche-unisexe-stanley-stella-sider-siderstanleystellastsu824u\/"},"modified":"2024-11-30T23:06:30","modified_gmt":"2024-11-30T23:06:30","slug":"unisex-kapuzenpullover-stanley-stella-sider-siderstanleystellastsu824u","status":"publish","type":"product","link":"https:\/\/www.printings-n.com\/de\/produkt\/unisex-kapuzenpullover-stanley-stella-sider-siderstanleystellastsu824u\/","title":{"rendered":"Stanley \/ Stella Sider Unisex-Kapuzenpullover"},"content":{"rendered":"<p>Hier kommt der Sider, ein Unisex-Kapuzenpullover, der mit seinem einzigartigen Design der Seitentaschen l\u00e4ssigen Komfort neu definiert. Mit Raglan\u00e4rmeln f\u00fcr eine l\u00e4ssige Passform und einer doppellagigen Kapuze f\u00fcr zus\u00e4tzliche W\u00e4rme h\u00e4lt Sie dieses Sweatshirt warm und stilvoll. Die runden, mit Metallkappen verarbeiteten Kordeln und die Metall\u00f6sen sorgen f\u00fcr Strapazierf\u00e4higkeit und einen Hauch von Eleganz. Innen sorgen das Kragenband mit Fischgr\u00e4tenmuster und der Stoffhalbmond am R\u00fcckenkragen daf\u00fcr, dass sich die Jacke angenehm auf Ihrer Haut anf\u00fchlt. Die schr\u00e4gen Seitenn\u00e4hte integrieren auf clevere Weise Taschen und bieten eine praktische L\u00f6sung f\u00fcr den Transport der wichtigsten Dinge.<\/p>","protected":false},"excerpt":{"rendered":"<p>Voici le Sider, un sweat-shirt \u00e0 capuche unisexe qui red\u00e9finit le confort d\u00e9contract\u00e9 avec son design unique de poches lat\u00e9rales. Dot\u00e9 de manches raglan pour une coupe d\u00e9contract\u00e9e et d&#039;une capuche \u00e0 double \u00e9paisseur pour plus de chaleur, ce sweat-shirt est con\u00e7u pour vous garder bien au chaud et avec style. Les cordons de serrage [&hellip;]<\/p>\n","protected":false},"featured_media":0,"comment_status":"open","ping_status":"closed","template":"","meta":[],"product_brand":[],"product_cat":[84],"product_tag":[],"class_list":{"0":"post-3410","1":"product","2":"type-product","3":"status-publish","5":"product_cat-sweatshirts-a-capuche-et-pulls","7":"first","8":"instock","9":"taxable","10":"shipping-taxable","11":"product-type-simple"},"_links":{"self":[{"href":"https:\/\/www.printings-n.com\/de\/wp-json\/wp\/v2\/product\/3410","targetHints":{"allow":["GET"]}}],"collection":[{"href":"https:\/\/www.printings-n.com\/de\/wp-json\/wp\/v2\/product"}],"about":[{"href":"https:\/\/www.printings-n.com\/de\/wp-json\/wp\/v2\/types\/product"}],"replies":[{"embeddable":true,"href":"https:\/\/www.printings-n.com\/de\/wp-json\/wp\/v2\/comments?post=3410"}],"wp:attachment":[{"href":"https:\/\/www.printings-n.com\/de\/wp-json\/wp\/v2\/media?parent=3410"}],"wp:term":[{"taxonomy":"product_brand","embeddable":true,"href":"https:\/\/www.printings-n.com\/de\/wp-json\/wp\/v2\/product_brand?post=3410"},{"taxonomy":"product_cat","embeddable":true,"href":"https:\/\/www.printings-n.com\/de\/wp-json\/wp\/v2\/product_cat?post=3410"},{"taxonomy":"product_tag","embeddable":true,"href":"https:\/\/www.printings-n.com\/de\/wp-json\/wp\/v2\/product_tag?post=3410"}],"curies":[{"name":"wp","href":"https:\/\/api.w.org\/{rel}","templated":true}]}}