{"id":3408,"date":"2024-11-30T23:06:17","date_gmt":"2024-11-30T23:06:17","guid":{"rendered":"https:\/\/www.printings-n.com\/produit\/sweat-a-capuche-unisexe-stanley-stella-cooper-cooperdrystanleystellastsu797u\/"},"modified":"2024-11-30T23:06:21","modified_gmt":"2024-11-30T23:06:21","slug":"unisex-kapuzenpullover-stanley-stella-cooper-cooperdrystanleystellastsu797u","status":"publish","type":"product","link":"https:\/\/www.printings-n.com\/de\/produkt\/unisex-kapuzenpullover-stanley-stella-cooper-cooperdrystanleystellastsu797u\/","title":{"rendered":"Stanley \/ Stella Cooper Unisex-Kapuzenpullover"},"content":{"rendered":"<p>Holen Sie sich eine moderne, eckige Silhouette mit unserem Unisex-Kapuzenpullover, der perfekt ist, um Ihrem Freizeitoutfit einen Hauch von Originalit\u00e4t zu verleihen. Hergestellt mit einem trockenen Griff, sorgt dieser Hoodie f\u00fcr Komfort, ohne den Stil zu beeintr\u00e4chtigen. Mit einer doppellagigen Kapuze f\u00fcr mehr W\u00e4rme und einer K\u00e4ngurutasche f\u00fcr mehr Bequemlichkeit wurde er sowohl f\u00fcr den Nutzen als auch f\u00fcr die Mode entworfen. Die eingezogenen \u00c4rmel, der gerippte Saum und die akribischen Steppn\u00e4hte verbessern die Haltbarkeit und den Sitz des Kleidungsst\u00fccks.<\/p>","protected":false},"excerpt":{"rendered":"<p>Adoptez une silhouette moderne et carr\u00e9e avec notre sweat \u00e0 capuche unisexe, parfait pour ajouter une touche d&#039;originalit\u00e9 \u00e0 votre tenue d\u00e9contract\u00e9e. Fabriqu\u00e9 avec un toucher sec, ce sweat \u00e0 capuche assure le confort sans compromettre le style. Dot\u00e9 d&#039;une capuche \u00e0 double \u00e9paisseur pour plus de chaleur et d&#039;une poche kangourou pour plus de [&hellip;]<\/p>\n","protected":false},"featured_media":3409,"comment_status":"open","ping_status":"closed","template":"","meta":[],"product_brand":[],"product_cat":[84],"product_tag":[],"class_list":{"0":"post-3408","1":"product","2":"type-product","3":"status-publish","4":"has-post-thumbnail","6":"product_cat-sweatshirts-a-capuche-et-pulls","8":"first","9":"instock","10":"taxable","11":"shipping-taxable","12":"product-type-simple"},"_links":{"self":[{"href":"https:\/\/www.printings-n.com\/de\/wp-json\/wp\/v2\/product\/3408","targetHints":{"allow":["GET"]}}],"collection":[{"href":"https:\/\/www.printings-n.com\/de\/wp-json\/wp\/v2\/product"}],"about":[{"href":"https:\/\/www.printings-n.com\/de\/wp-json\/wp\/v2\/types\/product"}],"replies":[{"embeddable":true,"href":"https:\/\/www.printings-n.com\/de\/wp-json\/wp\/v2\/comments?post=3408"}],"wp:featuredmedia":[{"embeddable":true,"href":"https:\/\/www.printings-n.com\/de\/wp-json\/wp\/v2\/media\/3409"}],"wp:attachment":[{"href":"https:\/\/www.printings-n.com\/de\/wp-json\/wp\/v2\/media?parent=3408"}],"wp:term":[{"taxonomy":"product_brand","embeddable":true,"href":"https:\/\/www.printings-n.com\/de\/wp-json\/wp\/v2\/product_brand?post=3408"},{"taxonomy":"product_cat","embeddable":true,"href":"https:\/\/www.printings-n.com\/de\/wp-json\/wp\/v2\/product_cat?post=3408"},{"taxonomy":"product_tag","embeddable":true,"href":"https:\/\/www.printings-n.com\/de\/wp-json\/wp\/v2\/product_tag?post=3408"}],"curies":[{"name":"wp","href":"https:\/\/api.w.org\/{rel}","templated":true}]}}