{"id":3401,"date":"2024-11-30T23:05:43","date_gmt":"2024-11-30T23:05:43","guid":{"rendered":"https:\/\/www.printings-n.com\/produit\/sweat-a-capuche-premium-ultra-doux-bc-kinghooie280gsm\/"},"modified":"2024-11-30T23:05:46","modified_gmt":"2024-11-30T23:05:46","slug":"ultraweicher-premium-kapuzenpullover-bc-kinghooie280gsm","status":"publish","type":"product","link":"https:\/\/www.printings-n.com\/de\/produkt\/ultraweicher-premium-kapuzenpullover-bc-kinghooie280gsm\/","title":{"rendered":"Ultraweicher Premium-Kapuzenpullover B&amp;C"},"content":{"rendered":"<p>Warum sollte man sich mit einem einfachen Kapuzenpullover begn\u00fcgen, wenn man eine hochwertige und elegante Option haben kann, die gut aussieht und sich gut anf\u00fchlt? Unser Premium Ultra Soft Hoodie besteht aus 80 % vorgeschrumpfter, gek\u00e4mmter Baumwolle und 20 % Polyester, wodurch sich der Stoff unglaublich weich anf\u00fchlt und gleichzeitig strapazierf\u00e4hig und haltbar ist! Er ist in 6 eleganten Farben und 6 Gr\u00f6\u00dfen erh\u00e4ltlich, so dass f\u00fcr jeden Geschmack etwas dabei ist! Seine regul\u00e4re Passform und die Kapuze machen es zu einer vielseitigen Wahl f\u00fcr jeden Anlass. Bestellen Sie noch heute unseren Premium Ultra Soft Hoodie und erleben Sie die ultimative Kombination aus Stil und Komfort!<\/p>","protected":false},"excerpt":{"rendered":"<p>Pourquoi se contenter d&#039;un sweat \u00e0 capuche basique quand on peut avoir une option de qualit\u00e9 sup\u00e9rieure et \u00e9l\u00e9gante qui a l&#039;air et se sent bien ? Notre sweat \u00e0 capuche Premium Ultra Soft est compos\u00e9 de 80 % de coton peign\u00e9 pr\u00e9r\u00e9tr\u00e9ci et de 20 % de polyester, ce qui rend le tissu incroyablement [&hellip;]<\/p>\n","protected":false},"featured_media":3402,"comment_status":"open","ping_status":"closed","template":"","meta":[],"product_brand":[],"product_cat":[84],"product_tag":[],"class_list":{"0":"post-3401","1":"product","2":"type-product","3":"status-publish","4":"has-post-thumbnail","6":"product_cat-sweatshirts-a-capuche-et-pulls","8":"first","9":"instock","10":"taxable","11":"shipping-taxable","12":"product-type-simple"},"_links":{"self":[{"href":"https:\/\/www.printings-n.com\/de\/wp-json\/wp\/v2\/product\/3401","targetHints":{"allow":["GET"]}}],"collection":[{"href":"https:\/\/www.printings-n.com\/de\/wp-json\/wp\/v2\/product"}],"about":[{"href":"https:\/\/www.printings-n.com\/de\/wp-json\/wp\/v2\/types\/product"}],"replies":[{"embeddable":true,"href":"https:\/\/www.printings-n.com\/de\/wp-json\/wp\/v2\/comments?post=3401"}],"wp:featuredmedia":[{"embeddable":true,"href":"https:\/\/www.printings-n.com\/de\/wp-json\/wp\/v2\/media\/3402"}],"wp:attachment":[{"href":"https:\/\/www.printings-n.com\/de\/wp-json\/wp\/v2\/media?parent=3401"}],"wp:term":[{"taxonomy":"product_brand","embeddable":true,"href":"https:\/\/www.printings-n.com\/de\/wp-json\/wp\/v2\/product_brand?post=3401"},{"taxonomy":"product_cat","embeddable":true,"href":"https:\/\/www.printings-n.com\/de\/wp-json\/wp\/v2\/product_cat?post=3401"},{"taxonomy":"product_tag","embeddable":true,"href":"https:\/\/www.printings-n.com\/de\/wp-json\/wp\/v2\/product_tag?post=3401"}],"curies":[{"name":"wp","href":"https:\/\/api.w.org\/{rel}","templated":true}]}}