{"id":3395,"date":"2024-11-30T23:05:25","date_gmt":"2024-11-30T23:05:25","guid":{"rendered":"https:\/\/www.printings-n.com\/produit\/veste-a-capuche-zippe-budget-bc-bchoodedzipup270gsm\/"},"modified":"2024-11-30T23:05:26","modified_gmt":"2024-11-30T23:05:26","slug":"kapuzenjacke-mit-zipper-budget-bc-bchoodedzipup270gsm","status":"publish","type":"product","link":"https:\/\/www.printings-n.com\/de\/produkt\/kapuzenjacke-mit-zipper-budget-bc-bchoodedzipup270gsm\/","title":{"rendered":"Kapuzenjacke mit Rei\u00dfverschluss Budget B&amp;C"},"content":{"rendered":"<p>Werben Sie mit unserer preiswerten Wahl f\u00fcr Ihr Design, ohne mit unserem NO LABEL-Design Abstriche bei der Qualit\u00e4t zu machen. Unser Budget Full Zip Hoodie mit einer Innenseite aus geb\u00fcrstetem Fleece und Elasthanb\u00fcndchen an \u00c4rmeln und Saum ist die perfekte Mischung aus Komfort und Stil. Die \u00c4rmel und die Seitenn\u00e4hte sorgen f\u00fcr eine schmeichelhafte Silhouette, w\u00e4hrend die K\u00e4ngurutaschen und die gef\u00fctterte Kapuze f\u00fcr Funktionalit\u00e4t sorgen. Bestellen Sie Ihren pers\u00f6nlichen Budget Full Zip Hoodie und zeigen Sie Ihr Design und Ihr Logo!<\/p>","protected":false},"excerpt":{"rendered":"<p>Faites la promotion de votre design avec notre choix \u00e9conomique sans sacrifier la qualit\u00e9 avec notre design NO LABEL. Notre sweat \u00e0 capuche Full Zip Budget, avec int\u00e9rieur en polaire bross\u00e9e et bordures et poignets en \u00e9lasthanne, est un m\u00e9lange parfait de confort et de style. Les manches et les coutures lat\u00e9rales cr\u00e9ent une silhouette [&hellip;]<\/p>\n","protected":false},"featured_media":3396,"comment_status":"open","ping_status":"closed","template":"","meta":[],"product_brand":[],"product_cat":[84],"product_tag":[],"class_list":{"0":"post-3395","1":"product","2":"type-product","3":"status-publish","4":"has-post-thumbnail","6":"product_cat-sweatshirts-a-capuche-et-pulls","8":"first","9":"instock","10":"taxable","11":"shipping-taxable","12":"product-type-simple"},"_links":{"self":[{"href":"https:\/\/www.printings-n.com\/de\/wp-json\/wp\/v2\/product\/3395","targetHints":{"allow":["GET"]}}],"collection":[{"href":"https:\/\/www.printings-n.com\/de\/wp-json\/wp\/v2\/product"}],"about":[{"href":"https:\/\/www.printings-n.com\/de\/wp-json\/wp\/v2\/types\/product"}],"replies":[{"embeddable":true,"href":"https:\/\/www.printings-n.com\/de\/wp-json\/wp\/v2\/comments?post=3395"}],"wp:featuredmedia":[{"embeddable":true,"href":"https:\/\/www.printings-n.com\/de\/wp-json\/wp\/v2\/media\/3396"}],"wp:attachment":[{"href":"https:\/\/www.printings-n.com\/de\/wp-json\/wp\/v2\/media?parent=3395"}],"wp:term":[{"taxonomy":"product_brand","embeddable":true,"href":"https:\/\/www.printings-n.com\/de\/wp-json\/wp\/v2\/product_brand?post=3395"},{"taxonomy":"product_cat","embeddable":true,"href":"https:\/\/www.printings-n.com\/de\/wp-json\/wp\/v2\/product_cat?post=3395"},{"taxonomy":"product_tag","embeddable":true,"href":"https:\/\/www.printings-n.com\/de\/wp-json\/wp\/v2\/product_tag?post=3395"}],"curies":[{"name":"wp","href":"https:\/\/api.w.org\/{rel}","templated":true}]}}