{"id":3393,"date":"2024-11-30T23:05:14","date_gmt":"2024-11-30T23:05:14","guid":{"rendered":"https:\/\/www.printings-n.com\/produit\/sweat-a-capuche-premium-durable-stanley-stella-hoodiescruiser\/"},"modified":"2024-11-30T23:05:20","modified_gmt":"2024-11-30T23:05:20","slug":"nachhaltiger-premium-hoodie-stanley-stella-hoodiescruiser","status":"publish","type":"product","link":"https:\/\/www.printings-n.com\/de\/produkt\/nachhaltiger-premium-hoodie-stanley-stella-hoodiescruiser\/","title":{"rendered":"Stanley \/ Stella Cruiser 2.0 Unisex-Kapuzenpullover"},"content":{"rendered":"<p>Der Cruiser 2.0 bringt den klassischen Hoodie auf neue H\u00f6hen, denn er besteht aus 100% gek\u00e4mmter Bio-Baumwolle, die f\u00fcr eine weiche, bequeme und umweltfreundliche Passform sorgt. Die doppellagige Kapuze und die runden Kordeln verleihen dem Hoodie einen Hauch von Stil, w\u00e4hrend die Knopfleiste und die Metall\u00f6sen f\u00fcr Langlebigkeit sorgen. Eine K\u00e4ngurutasche h\u00e4lt deine H\u00e4nde warm und deine wichtigsten Gegenst\u00e4nde griffbereit. Mit seinen gerippten S\u00e4umen und akribischen Steppn\u00e4hten ist dieser Hoodie die perfekte Mischung aus Komfort und l\u00e4ssigem Chic. Ideal f\u00fcr alle, die eine langlebige Option suchen, ohne auf Stil verzichten zu m\u00fcssen.<\/p>","protected":false},"excerpt":{"rendered":"<p>Le Cruiser 2.0 porte le sweat \u00e0 capuche classique vers de nouveaux sommets gr\u00e2ce \u00e0 son coton peign\u00e9 100% biologique, qui garantit une coupe douce et confortable, respectueuse de la plan\u00e8te. La capuche \u00e0 double \u00e9paisseur et les cordons de serrage ronds ajoutent une touche de style, tandis que le boutonnage et les \u0153illets en [&hellip;]<\/p>\n","protected":false},"featured_media":3394,"comment_status":"open","ping_status":"closed","template":"","meta":[],"product_brand":[],"product_cat":[84],"product_tag":[],"class_list":{"0":"post-3393","1":"product","2":"type-product","3":"status-publish","4":"has-post-thumbnail","6":"product_cat-sweatshirts-a-capuche-et-pulls","8":"first","9":"instock","10":"taxable","11":"shipping-taxable","12":"product-type-simple"},"_links":{"self":[{"href":"https:\/\/www.printings-n.com\/de\/wp-json\/wp\/v2\/product\/3393","targetHints":{"allow":["GET"]}}],"collection":[{"href":"https:\/\/www.printings-n.com\/de\/wp-json\/wp\/v2\/product"}],"about":[{"href":"https:\/\/www.printings-n.com\/de\/wp-json\/wp\/v2\/types\/product"}],"replies":[{"embeddable":true,"href":"https:\/\/www.printings-n.com\/de\/wp-json\/wp\/v2\/comments?post=3393"}],"wp:featuredmedia":[{"embeddable":true,"href":"https:\/\/www.printings-n.com\/de\/wp-json\/wp\/v2\/media\/3394"}],"wp:attachment":[{"href":"https:\/\/www.printings-n.com\/de\/wp-json\/wp\/v2\/media?parent=3393"}],"wp:term":[{"taxonomy":"product_brand","embeddable":true,"href":"https:\/\/www.printings-n.com\/de\/wp-json\/wp\/v2\/product_brand?post=3393"},{"taxonomy":"product_cat","embeddable":true,"href":"https:\/\/www.printings-n.com\/de\/wp-json\/wp\/v2\/product_cat?post=3393"},{"taxonomy":"product_tag","embeddable":true,"href":"https:\/\/www.printings-n.com\/de\/wp-json\/wp\/v2\/product_tag?post=3393"}],"curies":[{"name":"wp","href":"https:\/\/api.w.org\/{rel}","templated":true}]}}