{"id":3381,"date":"2024-11-30T23:04:50","date_gmt":"2024-11-30T23:04:50","guid":{"rendered":"https:\/\/www.printings-n.com\/produit\/sweat-a-capuche-zippe-homme-awdisjh050\/"},"modified":"2024-11-30T23:04:50","modified_gmt":"2024-11-30T23:04:50","slug":"kapuzenpullover-mit-zipper-mann-awdisjh050","status":"publish","type":"product","link":"https:\/\/www.printings-n.com\/de\/produkt\/kapuzenpullover-mit-zipper-mann-awdisjh050\/","title":{"rendered":"Kapuzen-Sweatshirt mit Rei\u00dfverschluss f\u00fcr M\u00e4nner"},"content":{"rendered":"<p>Sind Sie auf der Suche nach einem anpassbaren, tendenziellen Kapuzenpullover mit Rei\u00dfverschluss? Hergestellt aus Baumwolle und Polyester ist er langlebig und bequem.  Er ist in einer gro\u00dfen Auswahl an Farben erh\u00e4ltlich, sodass Sie garantiert das finden, was Sie brauchen. Sie k\u00f6nnen Ihren Kapuzenpullover ganz einfach aus einem St\u00fcck bestellen! Kapuzenpullover bieten ein g\u00fcnstiges Preis-Leistungs-Verh\u00e4ltnis. Sie brauchen Ihre Kapuzenpullover so schnell wie m\u00f6glich? Kein Problem, diese Kapuzenpullover sind mit einer schnellen Lieferung erh\u00e4ltlich!<br \/>\n&lt;br&gt;&lt;br&gt;<br \/>\nHinweis: Bei gro\u00dfer Nachfrage k\u00f6nnen unsere Lagerbest\u00e4nde schwanken. Sollte ein Produkt nicht vorr\u00e4tig sein, werden wir f\u00fcr Sie die n\u00e4chstbeste Alternative mit gro\u00dfer \u00c4hnlichkeit in Qualit\u00e4t, Gr\u00f6\u00dfe und Schnitt ausw\u00e4hlen. Es kann lediglich zu geringf\u00fcgigen Abweichungen bei Farbe und Markennamen kommen.<\/p>","protected":false},"excerpt":{"rendered":"<p>\u00cates-vous \u00e0 la recherche d&#039;un sweat \u00e0 capuche zipp\u00e9 personnalisable et tendence ? Fabriqu\u00e9 \u00e0 partir de coton et de polyester, il est durable et confortable. Disponible dans une large gamme de couleurs, vous \u00eates s\u00fbr de trouver ce dont vous avez besoin. Vous pouvez commander votre sweat \u00e0 capuche facilement \u00e0 partir d&#039;une seule [&hellip;]<\/p>\n","protected":false},"featured_media":3382,"comment_status":"open","ping_status":"closed","template":"","meta":[],"product_brand":[],"product_cat":[84],"product_tag":[],"class_list":{"0":"post-3381","1":"product","2":"type-product","3":"status-publish","4":"has-post-thumbnail","6":"product_cat-sweatshirts-a-capuche-et-pulls","8":"first","9":"instock","10":"taxable","11":"shipping-taxable","12":"product-type-simple"},"_links":{"self":[{"href":"https:\/\/www.printings-n.com\/de\/wp-json\/wp\/v2\/product\/3381","targetHints":{"allow":["GET"]}}],"collection":[{"href":"https:\/\/www.printings-n.com\/de\/wp-json\/wp\/v2\/product"}],"about":[{"href":"https:\/\/www.printings-n.com\/de\/wp-json\/wp\/v2\/types\/product"}],"replies":[{"embeddable":true,"href":"https:\/\/www.printings-n.com\/de\/wp-json\/wp\/v2\/comments?post=3381"}],"wp:featuredmedia":[{"embeddable":true,"href":"https:\/\/www.printings-n.com\/de\/wp-json\/wp\/v2\/media\/3382"}],"wp:attachment":[{"href":"https:\/\/www.printings-n.com\/de\/wp-json\/wp\/v2\/media?parent=3381"}],"wp:term":[{"taxonomy":"product_brand","embeddable":true,"href":"https:\/\/www.printings-n.com\/de\/wp-json\/wp\/v2\/product_brand?post=3381"},{"taxonomy":"product_cat","embeddable":true,"href":"https:\/\/www.printings-n.com\/de\/wp-json\/wp\/v2\/product_cat?post=3381"},{"taxonomy":"product_tag","embeddable":true,"href":"https:\/\/www.printings-n.com\/de\/wp-json\/wp\/v2\/product_tag?post=3381"}],"curies":[{"name":"wp","href":"https:\/\/api.w.org\/{rel}","templated":true}]}}