{"id":3251,"date":"2024-11-30T22:59:51","date_gmt":"2024-11-30T22:59:51","guid":{"rendered":"https:\/\/www.printings-n.com\/produit\/pull-classique-fruit-of-the-loom-classicsweatshirt260gsm\/"},"modified":"2024-11-30T22:59:54","modified_gmt":"2024-11-30T22:59:54","slug":"pull-classique-fruit-of-the-loom-classicsweatshirt260gsm","status":"publish","type":"product","link":"https:\/\/www.printings-n.com\/de\/produkt\/pull-classique-fruit-of-the-loom-classicsweatshirt260gsm\/","title":{"rendered":"Klassischer Pullover von Fruit of the Loom"},"content":{"rendered":"<p>Suchen Sie einen vielseitigen und stilvollen Pullover, der individuell gestaltet werden kann, um Ihre Marke oder Ihre Botschaft zu repr\u00e4sentieren? Dann suchen Sie nicht weiter als unseren klassischen Pullover, der aus einer bequemen Mischung aus 80 % Baumwolle und 20 % Polyester hergestellt wird. Mit seinem klassischen Schnitt ist dieser Pullover die perfekte Leinwand f\u00fcr personalisierte Drucke, die Ihre einzigartige Botschaft oder Ihre Marke hervorheben. Und mit 10 vielseitigen Farben und 6 Gr\u00f6\u00dfen zur Auswahl k\u00f6nnen Sie sicher sein, dass Sie die perfekte Kombination f\u00fcr Ihre Bed\u00fcrfnisse finden! Geben Sie sich nicht mit einem gew\u00f6hnlichen Pullover zufrieden - w\u00e4hlen Sie unseren klassischen Pullover f\u00fcr eine bequeme und elegante M\u00f6glichkeit, Ihre Marke oder Botschaft zu bewerben!<\/p>","protected":false},"excerpt":{"rendered":"<p>Vous recherchez un pull polyvalent et \u00e9l\u00e9gant qui peut \u00eatre personnalis\u00e9 pour repr\u00e9senter votre marque ou votre message ? Ne cherchez pas plus loin que notre pull classique, fabriqu\u00e9 \u00e0 partir d&#039;un m\u00e9lange confortable de 80 % de coton et de 20 % de polyester. Avec sa coupe classique, ce pull est la toile parfaite [&hellip;]<\/p>\n","protected":false},"featured_media":3252,"comment_status":"open","ping_status":"closed","template":"","meta":[],"product_brand":[],"product_cat":[82],"product_tag":[],"class_list":{"0":"post-3251","1":"product","2":"type-product","3":"status-publish","4":"has-post-thumbnail","6":"product_cat-t-shirts","8":"first","9":"instock","10":"taxable","11":"shipping-taxable","12":"product-type-simple"},"_links":{"self":[{"href":"https:\/\/www.printings-n.com\/de\/wp-json\/wp\/v2\/product\/3251","targetHints":{"allow":["GET"]}}],"collection":[{"href":"https:\/\/www.printings-n.com\/de\/wp-json\/wp\/v2\/product"}],"about":[{"href":"https:\/\/www.printings-n.com\/de\/wp-json\/wp\/v2\/types\/product"}],"replies":[{"embeddable":true,"href":"https:\/\/www.printings-n.com\/de\/wp-json\/wp\/v2\/comments?post=3251"}],"wp:featuredmedia":[{"embeddable":true,"href":"https:\/\/www.printings-n.com\/de\/wp-json\/wp\/v2\/media\/3252"}],"wp:attachment":[{"href":"https:\/\/www.printings-n.com\/de\/wp-json\/wp\/v2\/media?parent=3251"}],"wp:term":[{"taxonomy":"product_brand","embeddable":true,"href":"https:\/\/www.printings-n.com\/de\/wp-json\/wp\/v2\/product_brand?post=3251"},{"taxonomy":"product_cat","embeddable":true,"href":"https:\/\/www.printings-n.com\/de\/wp-json\/wp\/v2\/product_cat?post=3251"},{"taxonomy":"product_tag","embeddable":true,"href":"https:\/\/www.printings-n.com\/de\/wp-json\/wp\/v2\/product_tag?post=3251"}],"curies":[{"name":"wp","href":"https:\/\/api.w.org\/{rel}","templated":true}]}}