{"id":3219,"date":"2024-11-30T22:58:11","date_gmt":"2024-11-30T22:58:11","guid":{"rendered":"https:\/\/www.printings-n.com\/produit\/gilet-de-securite-reflechissant-zippe-tricorp-tricorpveiligheidsvestrwszip\/"},"modified":"2024-11-30T22:58:11","modified_gmt":"2024-11-30T22:58:11","slug":"gilet-de-securite-reflechissant-zippe-tricorp-tricorpveiligheidsvestrwszip","status":"publish","type":"product","link":"https:\/\/www.printings-n.com\/de\/produkt\/gilet-de-securite-reflechissant-zippe-tricorp-tricorpveiligheidsvestrwszip\/","title":{"rendered":"Reflektierende Sicherheitsweste mit Rei\u00dfverschluss Tricorp"},"content":{"rendered":"<p>Pratique, s\u00fbre et r\u00e9fl\u00e9chissante, c&#039;est la meilleure fa\u00e7on de d\u00e9crire la Gilet de s\u00e9curit\u00e9 r\u00e9fl\u00e9chissant zipp\u00e9 Tricorp ! Les bandes r\u00e9fl\u00e9chissantes cousues se combinent parfaitement avec les options orange ou jaune fluorescent tr\u00e8s visibles et vous permettront, ainsi qu&#039;\u00e0 vos employ\u00e9s, de rester visibles lorsque vous travaillez dans des zones o\u00f9 se trouvent des machines lourdes ou un trafic intense. Le gilet de s\u00e9curit\u00e9 est \u00e9galement dot\u00e9 d&#039;une fermeture \u00e9clair, ce qui permet de le porter facilement et confortablement, m\u00eame lorsque vous travaillez \u00e0 l&#039;ext\u00e9rieur par temps venteux. Le Gilet de s\u00e9curit\u00e9 r\u00e9fl\u00e9chissant zipp\u00e9 Tricorp est imprim\u00e9 en quadrichromie.<br \/>\n&lt;br&gt;&lt;br&gt;<br \/>\nCompl\u00e9tez votre collection de v\u00eatements de travail avec les v\u00eatements de travail adapt\u00e9s de Tricorp sur [site_name] !<\/p>\n","protected":false},"excerpt":{"rendered":"<p>Pratique, s\u00fbre et r\u00e9fl\u00e9chissante, c&#039;est la meilleure fa\u00e7on de d\u00e9crire la Gilet de s\u00e9curit\u00e9 r\u00e9fl\u00e9chissant zipp\u00e9 Tricorp ! Les bandes r\u00e9fl\u00e9chissantes cousues se combinent parfaitement avec les options orange ou jaune fluorescent tr\u00e8s visibles et vous permettront, ainsi qu&#039;\u00e0 vos employ\u00e9s, de rester visibles lorsque vous travaillez dans des zones o\u00f9 se trouvent des machines [&hellip;]<\/p>\n","protected":false},"featured_media":3220,"comment_status":"open","ping_status":"closed","template":"","meta":[],"product_brand":[],"product_cat":[81],"product_tag":[],"class_list":{"0":"post-3219","1":"product","2":"type-product","3":"status-publish","4":"has-post-thumbnail","6":"product_cat-vetements-de-travail","8":"first","9":"instock","10":"taxable","11":"shipping-taxable","12":"product-type-simple"},"_links":{"self":[{"href":"https:\/\/www.printings-n.com\/de\/wp-json\/wp\/v2\/product\/3219","targetHints":{"allow":["GET"]}}],"collection":[{"href":"https:\/\/www.printings-n.com\/de\/wp-json\/wp\/v2\/product"}],"about":[{"href":"https:\/\/www.printings-n.com\/de\/wp-json\/wp\/v2\/types\/product"}],"replies":[{"embeddable":true,"href":"https:\/\/www.printings-n.com\/de\/wp-json\/wp\/v2\/comments?post=3219"}],"wp:featuredmedia":[{"embeddable":true,"href":"https:\/\/www.printings-n.com\/de\/wp-json\/wp\/v2\/media\/3220"}],"wp:attachment":[{"href":"https:\/\/www.printings-n.com\/de\/wp-json\/wp\/v2\/media?parent=3219"}],"wp:term":[{"taxonomy":"product_brand","embeddable":true,"href":"https:\/\/www.printings-n.com\/de\/wp-json\/wp\/v2\/product_brand?post=3219"},{"taxonomy":"product_cat","embeddable":true,"href":"https:\/\/www.printings-n.com\/de\/wp-json\/wp\/v2\/product_cat?post=3219"},{"taxonomy":"product_tag","embeddable":true,"href":"https:\/\/www.printings-n.com\/de\/wp-json\/wp\/v2\/product_tag?post=3219"}],"curies":[{"name":"wp","href":"https:\/\/api.w.org\/{rel}","templated":true}]}}