{"id":3215,"date":"2024-11-30T22:58:01","date_gmt":"2024-11-30T22:58:01","guid":{"rendered":"https:\/\/www.printings-n.com\/produit\/t-shirt-reflechissant-a-manches-longues-tricorp-tricorptshirtrwsbirdseyelongsleeve\/"},"modified":"2024-11-30T22:58:02","modified_gmt":"2024-11-30T22:58:02","slug":"t-shirt-reflektierend-mit-langen-armeln-tricorp-tricorptshirtrwwsbirdseyelongsleeve","status":"publish","type":"product","link":"https:\/\/www.printings-n.com\/de\/produkt\/t-shirt-reflektierend-mit-langen-armeln-tricorp-tricorptshirtrwwsbirdseyelongsleeve\/","title":{"rendered":"Reflektierendes Langarmshirt Tricorp"},"content":{"rendered":"<p>Restez en s\u00e9curit\u00e9, soyez visible ! Avec T-shirt r\u00e9fl\u00e9chissant \u00e0 manches longues Tricorp, vous et vos employ\u00e9s serez parfaitement visibles de jour comme de nuit. Gr\u00e2ce \u00e0 un choix de deux bandes fluorescentes et r\u00e9fl\u00e9chissantes tr\u00e8s visibles sur les bras, la poitrine et le dos, ce t-shirt \u00e0 manches longues est le v\u00eatement id\u00e9al \u00e0 porter la nuit ou dans une cour logistique tr\u00e8s fr\u00e9quent\u00e9e. Le mat\u00e9riau CoolDry est \u00e0 la fois respirant et l\u00e9ger, ce qui le rend confortable et r\u00e9gule l&#039;humidit\u00e9. De plus, ce t-shirt \u00e0 manches longues est dot\u00e9 d&#039;un indice de protection UV de 40+ qui vous prot\u00e8ge lorsque vous travaillez en ext\u00e9rieur sous le soleil. Le T-shirt r\u00e9fl\u00e9chissant \u00e0 manches longues Tricorp est imprim\u00e9 en quadrichromie.<br \/>\n&lt;br&gt;&lt;br&gt;<br \/>\nCompl\u00e9tez votre collection de v\u00eatements de travail avec les v\u00eatements de travail adapt\u00e9s de Tricorp sur [site_name] !<\/p>\n","protected":false},"excerpt":{"rendered":"<p>Restez en s\u00e9curit\u00e9, soyez visible ! Avec T-shirt r\u00e9fl\u00e9chissant \u00e0 manches longues Tricorp, vous et vos employ\u00e9s serez parfaitement visibles de jour comme de nuit. Gr\u00e2ce \u00e0 un choix de deux bandes fluorescentes et r\u00e9fl\u00e9chissantes tr\u00e8s visibles sur les bras, la poitrine et le dos, ce t-shirt \u00e0 manches longues est le v\u00eatement id\u00e9al \u00e0 [&hellip;]<\/p>\n","protected":false},"featured_media":3216,"comment_status":"open","ping_status":"closed","template":"","meta":[],"product_brand":[],"product_cat":[81],"product_tag":[],"class_list":{"0":"post-3215","1":"product","2":"type-product","3":"status-publish","4":"has-post-thumbnail","6":"product_cat-vetements-de-travail","8":"first","9":"instock","10":"taxable","11":"shipping-taxable","12":"product-type-simple"},"_links":{"self":[{"href":"https:\/\/www.printings-n.com\/de\/wp-json\/wp\/v2\/product\/3215","targetHints":{"allow":["GET"]}}],"collection":[{"href":"https:\/\/www.printings-n.com\/de\/wp-json\/wp\/v2\/product"}],"about":[{"href":"https:\/\/www.printings-n.com\/de\/wp-json\/wp\/v2\/types\/product"}],"replies":[{"embeddable":true,"href":"https:\/\/www.printings-n.com\/de\/wp-json\/wp\/v2\/comments?post=3215"}],"wp:featuredmedia":[{"embeddable":true,"href":"https:\/\/www.printings-n.com\/de\/wp-json\/wp\/v2\/media\/3216"}],"wp:attachment":[{"href":"https:\/\/www.printings-n.com\/de\/wp-json\/wp\/v2\/media?parent=3215"}],"wp:term":[{"taxonomy":"product_brand","embeddable":true,"href":"https:\/\/www.printings-n.com\/de\/wp-json\/wp\/v2\/product_brand?post=3215"},{"taxonomy":"product_cat","embeddable":true,"href":"https:\/\/www.printings-n.com\/de\/wp-json\/wp\/v2\/product_cat?post=3215"},{"taxonomy":"product_tag","embeddable":true,"href":"https:\/\/www.printings-n.com\/de\/wp-json\/wp\/v2\/product_tag?post=3215"}],"curies":[{"name":"wp","href":"https:\/\/api.w.org\/{rel}","templated":true}]}}