{"id":3199,"date":"2024-11-30T22:57:29","date_gmt":"2024-11-30T22:57:29","guid":{"rendered":"https:\/\/www.printings-n.com\/produit\/sweat-a-capuche-tricorp-tricorpsweaterhooded\/"},"modified":"2024-11-30T22:57:30","modified_gmt":"2024-11-30T22:57:30","slug":"tricorp-tricorpsweaterhooded-hoodie","status":"publish","type":"product","link":"https:\/\/www.printings-n.com\/de\/produkt\/tricorp-tricorpsweaterhooded-hoodie\/","title":{"rendered":"Tricorp-Kapuzenpullover"},"content":{"rendered":"<p>Fabriqu\u00e9 en polaire de haute qualit\u00e9, le Sweat \u00e0 capuche Tricorp garde vos employ\u00e9s au chaud pendant les froides journ\u00e9es de travail. Ce produit est adapt\u00e9 \u00e0 une utilisation en s\u00e8che-linge et disponible dans de nombreuses couleurs pour servir de toile de fond parfaite \u00e0 votre logo ou design imprim\u00e9 ou brod\u00e9 ! Cr\u00e9ez l&#039;enthousiasme et le sens du travail en \u00e9quipe de votre personnel avec ces sweats personnalis\u00e9s.<br \/>\n&lt;br&gt;&lt;br&gt;<br \/>\nCompl\u00e9tez votre collection de v\u00eatements de travail avec les v\u00eatements de travail adapt\u00e9s de Tricorp sur [site_name] !<\/p>\n","protected":false},"excerpt":{"rendered":"<p>Fabriqu\u00e9 en polaire de haute qualit\u00e9, le Sweat \u00e0 capuche Tricorp garde vos employ\u00e9s au chaud pendant les froides journ\u00e9es de travail. Ce produit est adapt\u00e9 \u00e0 une utilisation en s\u00e8che-linge et disponible dans de nombreuses couleurs pour servir de toile de fond parfaite \u00e0 votre logo ou design imprim\u00e9 ou brod\u00e9 ! Cr\u00e9ez l&#039;enthousiasme [&hellip;]<\/p>\n","protected":false},"featured_media":3200,"comment_status":"open","ping_status":"closed","template":"","meta":[],"product_brand":[],"product_cat":[81],"product_tag":[],"class_list":{"0":"post-3199","1":"product","2":"type-product","3":"status-publish","4":"has-post-thumbnail","6":"product_cat-vetements-de-travail","8":"first","9":"instock","10":"taxable","11":"shipping-taxable","12":"product-type-simple"},"_links":{"self":[{"href":"https:\/\/www.printings-n.com\/de\/wp-json\/wp\/v2\/product\/3199","targetHints":{"allow":["GET"]}}],"collection":[{"href":"https:\/\/www.printings-n.com\/de\/wp-json\/wp\/v2\/product"}],"about":[{"href":"https:\/\/www.printings-n.com\/de\/wp-json\/wp\/v2\/types\/product"}],"replies":[{"embeddable":true,"href":"https:\/\/www.printings-n.com\/de\/wp-json\/wp\/v2\/comments?post=3199"}],"wp:featuredmedia":[{"embeddable":true,"href":"https:\/\/www.printings-n.com\/de\/wp-json\/wp\/v2\/media\/3200"}],"wp:attachment":[{"href":"https:\/\/www.printings-n.com\/de\/wp-json\/wp\/v2\/media?parent=3199"}],"wp:term":[{"taxonomy":"product_brand","embeddable":true,"href":"https:\/\/www.printings-n.com\/de\/wp-json\/wp\/v2\/product_brand?post=3199"},{"taxonomy":"product_cat","embeddable":true,"href":"https:\/\/www.printings-n.com\/de\/wp-json\/wp\/v2\/product_cat?post=3199"},{"taxonomy":"product_tag","embeddable":true,"href":"https:\/\/www.printings-n.com\/de\/wp-json\/wp\/v2\/product_tag?post=3199"}],"curies":[{"name":"wp","href":"https:\/\/api.w.org\/{rel}","templated":true}]}}