{"id":3103,"date":"2024-11-30T22:53:31","date_gmt":"2024-11-30T22:53:31","guid":{"rendered":"https:\/\/www.printings-n.com\/produit\/enveloppes-recyclees-envelopesrecycled\/"},"modified":"2024-11-30T22:53:32","modified_gmt":"2024-11-30T22:53:32","slug":"recycelte-umschlage-envopesrecycled","status":"publish","type":"product","link":"https:\/\/www.printings-n.com\/de\/produkt\/recycelte-umschlage-envopesrecycled\/","title":{"rendered":"Recycelte Umschl\u00e4ge"},"content":{"rendered":"<p>Diese umweltfreundlichen Briefumschl\u00e4ge werden vollst\u00e4ndig aus gesammeltem Altpapier hergestellt. Das Papier wird dann auf nat\u00fcrliche Weise ohne Chlor oder optische Aufheller gebleicht. Auch das Adressfenster ist biologisch abbaubar. Sie k\u00f6nnen sogar den Verschluss w\u00e4hlen, sich f\u00fcr einen selbstklebenden Streifen entscheiden oder die traditionellere Art mit einem gummierten Siegel w\u00e4hlen. Gestalten Sie den Umschlag mit Ihrem Logo oder Ihrer Marke.<br \/>\n&lt;br&gt;&lt;br&gt;<br \/>\nAnmerkung: Da dieses Material ohne Verwendung von Chlor oder Bleichmitteln verarbeitet wird, hat es eine nat\u00fcrliche wei\u00dfe Farbe. Das bedeutet, dass es anstelle eines gl\u00e4nzenden wei\u00dfen Aussehens, das nur durch einen Bleichprozess reproduziert werden kann, einen weicheren und subtileren Wei\u00dfton hat.<\/p>","protected":false},"excerpt":{"rendered":"<p>Ces enveloppes \u00e9cologiques sont produites enti\u00e8rement \u00e0 partir de vieux papiers collect\u00e9s. Le papier est ensuite blanchi de mani\u00e8re naturelle sans chlore ni azurants optiques. La fen\u00eatre d&#039;adresse est \u00e9galement biod\u00e9gradable. Vous pouvez m\u00eame choisir votre fermeture, opter pour une bande auto-adh\u00e9sive ou la mani\u00e8re plus traditionnelle avec un cachet gomm\u00e9. Personnalisez l&#039;enveloppe avec votre [&hellip;]<\/p>\n","protected":false},"featured_media":3104,"comment_status":"open","ping_status":"closed","template":"","meta":[],"product_brand":[],"product_cat":[78],"product_tag":[],"class_list":{"0":"post-3103","1":"product","2":"type-product","3":"status-publish","4":"has-post-thumbnail","6":"product_cat-papeterie","8":"first","9":"instock","10":"taxable","11":"shipping-taxable","12":"product-type-simple"},"_links":{"self":[{"href":"https:\/\/www.printings-n.com\/de\/wp-json\/wp\/v2\/product\/3103","targetHints":{"allow":["GET"]}}],"collection":[{"href":"https:\/\/www.printings-n.com\/de\/wp-json\/wp\/v2\/product"}],"about":[{"href":"https:\/\/www.printings-n.com\/de\/wp-json\/wp\/v2\/types\/product"}],"replies":[{"embeddable":true,"href":"https:\/\/www.printings-n.com\/de\/wp-json\/wp\/v2\/comments?post=3103"}],"wp:featuredmedia":[{"embeddable":true,"href":"https:\/\/www.printings-n.com\/de\/wp-json\/wp\/v2\/media\/3104"}],"wp:attachment":[{"href":"https:\/\/www.printings-n.com\/de\/wp-json\/wp\/v2\/media?parent=3103"}],"wp:term":[{"taxonomy":"product_brand","embeddable":true,"href":"https:\/\/www.printings-n.com\/de\/wp-json\/wp\/v2\/product_brand?post=3103"},{"taxonomy":"product_cat","embeddable":true,"href":"https:\/\/www.printings-n.com\/de\/wp-json\/wp\/v2\/product_cat?post=3103"},{"taxonomy":"product_tag","embeddable":true,"href":"https:\/\/www.printings-n.com\/de\/wp-json\/wp\/v2\/product_tag?post=3103"}],"curies":[{"name":"wp","href":"https:\/\/api.w.org\/{rel}","templated":true}]}}