{"id":3101,"date":"2024-11-30T22:53:29","date_gmt":"2024-11-30T22:53:29","guid":{"rendered":"https:\/\/www.printings-n.com\/produit\/enveloppes-non-imprimees-envelopesunprinted\/"},"modified":"2024-11-30T22:53:30","modified_gmt":"2024-11-30T22:53:30","slug":"unbedruckte-umschlage-envelopesunprinted","status":"publish","type":"product","link":"https:\/\/www.printings-n.com\/de\/produkt\/unbedruckte-umschlage-envelopesunprinted\/","title":{"rendered":"Umschl\u00e4ge (unbedruckt)"},"content":{"rendered":"<p>Ben\u00f6tigen Sie Umschl\u00e4ge, haben aber nicht unbedingt Lust, Ihre Umschl\u00e4ge zu personalisieren? Unsere unbedruckten Umschl\u00e4ge sind perfekt, um all Ihre Nachrichten zu transportieren! Ob mit Klebestreifen oder gummiert, f\u00fcr Ihre unbedruckten Umschl\u00e4ge stehen Ihnen zahlreiche Formate und Papierarten zur Verf\u00fcgung!<\/p>","protected":false},"excerpt":{"rendered":"<p>Ben\u00f6tigen Sie Umschl\u00e4ge, haben aber nicht unbedingt Lust, Ihre Umschl\u00e4ge zu personalisieren? Unsere unbedruckten Umschl\u00e4ge sind perfekt, um all Ihre Nachrichten zu transportieren! Ob mit Klebestreifen oder gummiert, f\u00fcr Ihre unbedruckten Umschl\u00e4ge stehen Ihnen zahlreiche Formate und Papierarten zur Verf\u00fcgung!<\/p>","protected":false},"featured_media":3102,"comment_status":"open","ping_status":"closed","template":"","meta":[],"product_brand":[],"product_cat":[78],"product_tag":[],"class_list":{"0":"post-3101","1":"product","2":"type-product","3":"status-publish","4":"has-post-thumbnail","6":"product_cat-papeterie","8":"first","9":"instock","10":"taxable","11":"shipping-taxable","12":"product-type-simple"},"_links":{"self":[{"href":"https:\/\/www.printings-n.com\/de\/wp-json\/wp\/v2\/product\/3101","targetHints":{"allow":["GET"]}}],"collection":[{"href":"https:\/\/www.printings-n.com\/de\/wp-json\/wp\/v2\/product"}],"about":[{"href":"https:\/\/www.printings-n.com\/de\/wp-json\/wp\/v2\/types\/product"}],"replies":[{"embeddable":true,"href":"https:\/\/www.printings-n.com\/de\/wp-json\/wp\/v2\/comments?post=3101"}],"wp:featuredmedia":[{"embeddable":true,"href":"https:\/\/www.printings-n.com\/de\/wp-json\/wp\/v2\/media\/3102"}],"wp:attachment":[{"href":"https:\/\/www.printings-n.com\/de\/wp-json\/wp\/v2\/media?parent=3101"}],"wp:term":[{"taxonomy":"product_brand","embeddable":true,"href":"https:\/\/www.printings-n.com\/de\/wp-json\/wp\/v2\/product_brand?post=3101"},{"taxonomy":"product_cat","embeddable":true,"href":"https:\/\/www.printings-n.com\/de\/wp-json\/wp\/v2\/product_cat?post=3101"},{"taxonomy":"product_tag","embeddable":true,"href":"https:\/\/www.printings-n.com\/de\/wp-json\/wp\/v2\/product_tag?post=3101"}],"curies":[{"name":"wp","href":"https:\/\/api.w.org\/{rel}","templated":true}]}}