{"id":3099,"date":"2024-11-30T22:53:27","date_gmt":"2024-11-30T22:53:27","guid":{"rendered":"https:\/\/www.printings-n.com\/produit\/enveloppes-pms-pantone-envelopespms\/"},"modified":"2024-11-30T22:53:28","modified_gmt":"2024-11-30T22:53:28","slug":"umschlage-pms-pantone-umschlagepms","status":"publish","type":"product","link":"https:\/\/www.printings-n.com\/de\/produkt\/umschlage-pms-pantone-umschlagepms\/","title":{"rendered":"PMS Pantone Umschl\u00e4ge"},"content":{"rendered":"<p>Der PMS-Pantone-Druck Ihrer Briefumschl\u00e4ge ist ideal, um Ihr Unternehmensimage wahrheitsgetreu darzustellen, und eignet sich hervorragend f\u00fcr Ihre Markenidentit\u00e4t. Dank der zahlreichen verf\u00fcgbaren Formate k\u00f6nnen Sie jeden Ihrer Briefumschl\u00e4ge an Ihr Image anpassen, egal welches Format Ihre zu \u00fcbermittelnden Dokumente haben!<\/p>","protected":false},"excerpt":{"rendered":"<p>Der PMS-Pantone-Druck Ihrer Briefumschl\u00e4ge ist ideal, um Ihr Unternehmensimage wahrheitsgetreu darzustellen, und eignet sich hervorragend f\u00fcr Ihre Markenidentit\u00e4t. Dank der zahlreichen verf\u00fcgbaren Formate k\u00f6nnen Sie jeden Ihrer Briefumschl\u00e4ge an Ihr Image anpassen, egal welches Format Ihre zu \u00fcbermittelnden Dokumente haben!<\/p>","protected":false},"featured_media":3100,"comment_status":"open","ping_status":"closed","template":"","meta":[],"product_brand":[],"product_cat":[78],"product_tag":[],"class_list":{"0":"post-3099","1":"product","2":"type-product","3":"status-publish","4":"has-post-thumbnail","6":"product_cat-papeterie","8":"first","9":"instock","10":"taxable","11":"shipping-taxable","12":"product-type-simple"},"_links":{"self":[{"href":"https:\/\/www.printings-n.com\/de\/wp-json\/wp\/v2\/product\/3099","targetHints":{"allow":["GET"]}}],"collection":[{"href":"https:\/\/www.printings-n.com\/de\/wp-json\/wp\/v2\/product"}],"about":[{"href":"https:\/\/www.printings-n.com\/de\/wp-json\/wp\/v2\/types\/product"}],"replies":[{"embeddable":true,"href":"https:\/\/www.printings-n.com\/de\/wp-json\/wp\/v2\/comments?post=3099"}],"wp:featuredmedia":[{"embeddable":true,"href":"https:\/\/www.printings-n.com\/de\/wp-json\/wp\/v2\/media\/3100"}],"wp:attachment":[{"href":"https:\/\/www.printings-n.com\/de\/wp-json\/wp\/v2\/media?parent=3099"}],"wp:term":[{"taxonomy":"product_brand","embeddable":true,"href":"https:\/\/www.printings-n.com\/de\/wp-json\/wp\/v2\/product_brand?post=3099"},{"taxonomy":"product_cat","embeddable":true,"href":"https:\/\/www.printings-n.com\/de\/wp-json\/wp\/v2\/product_cat?post=3099"},{"taxonomy":"product_tag","embeddable":true,"href":"https:\/\/www.printings-n.com\/de\/wp-json\/wp\/v2\/product_tag?post=3099"}],"curies":[{"name":"wp","href":"https:\/\/api.w.org\/{rel}","templated":true}]}}