{"id":3090,"date":"2024-11-30T22:53:00","date_gmt":"2024-11-30T22:53:00","guid":{"rendered":"https:\/\/www.printings-n.com\/produit\/marque-pages-avec-finitions-luxueuses-bookmarksexclusivefinishing\/"},"modified":"2024-11-30T22:53:01","modified_gmt":"2024-11-30T22:53:01","slug":"lesezeichen-mit-luxuriosen-oberflachen-bookmarksexclusivefinishing","status":"publish","type":"product","link":"https:\/\/www.printings-n.com\/de\/produkt\/lesezeichen-mit-luxuriosen-oberflachen-bookmarksexclusivefinishing\/","title":{"rendered":"Lesezeichen mit luxuri\u00f6sen Finishes"},"content":{"rendered":"<p>Sorgen Sie daf\u00fcr, dass Sie sich mit Luxus-Lesezeichen von der Masse abheben. Es handelt sich um ein funktionales und originelles Marketinginstrument! Verteilen Sie sie auf Messen oder f\u00fcgen Sie sie Ihren Goodie Bags hinzu. Gestalten Sie Ihre Lesezeichen mit einigen unserer Luxusausf\u00fchrungen. Wenn Sie die Aufmerksamkeit auf Ihr Design lenken m\u00f6chten, entscheiden Sie sich f\u00fcr eine selektive Lackierung. F\u00fcr einen Hauch von Luxus w\u00e4hlen Sie eine der Vergoldungen in Gold, Silber, Kupfer oder Ros\u00e9gold. Wenn Sie sich schlie\u00dflich ganz von der Masse abheben m\u00f6chten, verwenden Sie eine Disco-Glittervergoldung oder einen silbernen Regenbogeneffekt f\u00fcr Ihre Lesezeichen.<\/p>","protected":false},"excerpt":{"rendered":"<p>Assurez-vous de vous d\u00e9marquer avec les marque-pages de luxe. Il s&#039;agit d&#039;un outil marketing fonctionnel et original ! Distribuez-les lors des salons ou ajoutez-les aux sacs \u00e0 goodies. Personnalisez vos marque-pages avec certaines de nos finitions de luxe. Si vous voulez attirer l&#039;attention sur votre design, choisissez le vernis s\u00e9lectif. Pour une touche de luxe, [&hellip;]<\/p>\n","protected":false},"featured_media":3091,"comment_status":"open","ping_status":"closed","template":"","meta":[],"product_brand":[],"product_cat":[78],"product_tag":[],"class_list":{"0":"post-3090","1":"product","2":"type-product","3":"status-publish","4":"has-post-thumbnail","6":"product_cat-papeterie","8":"first","9":"instock","10":"taxable","11":"shipping-taxable","12":"product-type-simple"},"_links":{"self":[{"href":"https:\/\/www.printings-n.com\/de\/wp-json\/wp\/v2\/product\/3090","targetHints":{"allow":["GET"]}}],"collection":[{"href":"https:\/\/www.printings-n.com\/de\/wp-json\/wp\/v2\/product"}],"about":[{"href":"https:\/\/www.printings-n.com\/de\/wp-json\/wp\/v2\/types\/product"}],"replies":[{"embeddable":true,"href":"https:\/\/www.printings-n.com\/de\/wp-json\/wp\/v2\/comments?post=3090"}],"wp:featuredmedia":[{"embeddable":true,"href":"https:\/\/www.printings-n.com\/de\/wp-json\/wp\/v2\/media\/3091"}],"wp:attachment":[{"href":"https:\/\/www.printings-n.com\/de\/wp-json\/wp\/v2\/media?parent=3090"}],"wp:term":[{"taxonomy":"product_brand","embeddable":true,"href":"https:\/\/www.printings-n.com\/de\/wp-json\/wp\/v2\/product_brand?post=3090"},{"taxonomy":"product_cat","embeddable":true,"href":"https:\/\/www.printings-n.com\/de\/wp-json\/wp\/v2\/product_cat?post=3090"},{"taxonomy":"product_tag","embeddable":true,"href":"https:\/\/www.printings-n.com\/de\/wp-json\/wp\/v2\/product_tag?post=3090"}],"curies":[{"name":"wp","href":"https:\/\/api.w.org\/{rel}","templated":true}]}}